{"id":35,"date":"2023-07-16T14:02:37","date_gmt":"2023-07-16T14:02:37","guid":{"rendered":"https:\/\/sixiemesens.net\/?page_id=35"},"modified":"2023-11-04T14:52:37","modified_gmt":"2023-11-04T13:52:37","slug":"soins-energetiques-reiki-lahochi","status":"publish","type":"page","link":"https:\/\/sixiemesens.net\/index.php\/soins-energetiques-reiki-lahochi\/","title":{"rendered":"Soins \u00e9nerg\u00e9tiques Reiki &#8211; LaHoChi"},"content":{"rendered":"\n<div class=\"wp-block-cover alignfull is-light\" style=\"min-height:100vh;aspect-ratio:unset;\"><span aria-hidden=\"true\" class=\"wp-block-cover__background has-background-dim-100 has-background-dim\" style=\"background-color:#ffffff\"><\/span><div class=\"wp-block-cover__inner-container is-layout-flow wp-block-cover-is-layout-flow\">\n<div class=\"wp-block-media-text alignwide is-stacked-on-mobile is-vertically-aligned-center\" style=\"grid-template-columns:56% auto\"><figure class=\"wp-block-media-text__media\"><img loading=\"lazy\" decoding=\"async\" width=\"891\" height=\"1024\" src=\"https:\/\/sixiemesens.net\/wp-content\/uploads\/2023\/10\/IMG_1900-891x1024.jpeg\" alt=\"arbre de vie\" class=\"wp-image-1749 size-full\" srcset=\"https:\/\/sixiemesens.net\/wp-content\/uploads\/2023\/10\/IMG_1900-891x1024.jpeg 891w, https:\/\/sixiemesens.net\/wp-content\/uploads\/2023\/10\/IMG_1900-261x300.jpeg 261w, https:\/\/sixiemesens.net\/wp-content\/uploads\/2023\/10\/IMG_1900-768x883.jpeg 768w, https:\/\/sixiemesens.net\/wp-content\/uploads\/2023\/10\/IMG_1900-52x60.jpeg 52w, https:\/\/sixiemesens.net\/wp-content\/uploads\/2023\/10\/IMG_1900.jpeg 1150w\" sizes=\"auto, (max-width: 891px) 100vw, 891px\" \/><\/figure><div class=\"wp-block-media-text__content\">\n<h2 class=\"wp-block-heading has-text-color\" style=\"color:#000000;font-size:32px\">Qu&rsquo;est-ce que le Reiki ?<\/h2>\n\n\n\n<p class=\"has-text-color\" style=\"color:#000000;font-size:17px\">Le reiki est une m\u00e9thode consistant \u00e0 <strong><a href=\"https:\/\/www.reiki-source-de-vie.com\/effet-reiki-bordeaux-gironde-france\/\">\u00e9quilibrer les \u00e9nergies de la personne<\/a><\/strong>, pour qu\u2019elle trouve un apaisement durable et profond au niveau de son corps, de son psychisme et de ses \u00e9motions. Cette relaxation m\u00e9ditative est n\u00e9e au Japon, en 1922. Elle utilise un toucher sur des points sp\u00e9cifiques du circuit \u00e9nerg\u00e9tique du corps, et favorise ainsi la circulation des \u00e9nergies. Le reiki est une pratique que j&rsquo;utilise au quotidien.<\/p>\n\n\n\n<div class=\"wp-block-buttons is-layout-flex wp-block-buttons-is-layout-flex\"><\/div>\n<\/div><\/div>\n<\/div><\/div>\n\n\n\n<div class=\"wp-block-cover alignfull is-light\" style=\"min-height:100vh;aspect-ratio:unset;\"><span aria-hidden=\"true\" class=\"wp-block-cover__background has-background-dim-100 has-background-dim\" style=\"background-color:#ffffff\"><\/span><div class=\"wp-block-cover__inner-container is-layout-flow wp-block-cover-is-layout-flow\">\n<div class=\"wp-block-media-text alignwide is-stacked-on-mobile is-vertically-aligned-center\" style=\"grid-template-columns:56% auto\"><figure class=\"wp-block-media-text__media\"><img loading=\"lazy\" decoding=\"async\" width=\"1000\" height=\"562\" src=\"https:\/\/sixiemesens.net\/wp-content\/uploads\/2023\/11\/original.jpg\" alt=\"\" class=\"wp-image-1899 size-full\" srcset=\"https:\/\/sixiemesens.net\/wp-content\/uploads\/2023\/11\/original.jpg 1000w, https:\/\/sixiemesens.net\/wp-content\/uploads\/2023\/11\/original-300x169.jpg 300w, https:\/\/sixiemesens.net\/wp-content\/uploads\/2023\/11\/original-768x432.jpg 768w, https:\/\/sixiemesens.net\/wp-content\/uploads\/2023\/11\/original-107x60.jpg 107w\" sizes=\"auto, (max-width: 1000px) 100vw, 1000px\" \/><\/figure><div class=\"wp-block-media-text__content\">\n<h2 class=\"wp-block-heading has-text-color\" style=\"color:#000000;font-size:32px\">Qu&rsquo;est-ce que la 13\u00e8me octave LaHoChi ?<\/h2>\n\n\n\n<p class=\"has-text-color\" style=\"color:#000000;font-size:17px\">Le ma\u00eetre Lao Tzu (Lao Tseu) est consid\u00e9r\u00e9 comme le p\u00e8re fondateur du LaHoChi.<br>Lao Tzeu est un philosophe chinois antique qui a v\u00e9cu au VIe si\u00e8cle avant notre \u00e8re et qui est consid\u00e9r\u00e9 comme le fondateur du tao\u00efsme. \u00ab\u00a0<em>Le LaHoChi de la 13\u00e8me octave est <strong>une tr\u00e8s haute fr\u00e9quence de lumi\u00e8re et d\u2019\u00e9nergie spirituelle de gu\u00e9rison<\/strong>. Ces fr\u00e9quences vibratoires tr\u00e8s \u00e9lev\u00e9es permettent d\u2019acc\u00e9der \u00e0 une plus grande compr\u00e9hension et utilisation de l\u2019\u00c9nergie Universelle de Vie pour soi-m\u00eame et pour les autres. Le LaHoChi de la 13\u00e8me octave peut \u00eatre utilis\u00e9 seul ou en combinaison avec d\u2019autres syst\u00e8mes de soins. Il permet d\u2019acc\u00e9der et d\u2019int\u00e9grer des \u00e9nergies subtiles de gu\u00e9rison aux fr\u00e9quences plus \u00e9lev\u00e9es, ouvrant \u00e0 la conscience multidimensionnelle<\/em>\u00ab\u00a0. <a href=\"https:\/\/www.reiki-source-de-vie.com\/\" target=\"_blank\" rel=\"noreferrer noopener\">Reiki source de vie<\/a>.<\/p>\n\n\n\n<div class=\"wp-block-buttons is-layout-flex wp-block-buttons-is-layout-flex\"><\/div>\n<\/div><\/div>\n<\/div><\/div>\n\n\n\n<div class=\"wp-block-columns is-layout-flex wp-container-core-columns-is-layout-9d6595d7 wp-block-columns-is-layout-flex\">\n<div class=\"wp-block-column is-layout-flow wp-block-column-is-layout-flow\">\n<figure class=\"wp-block-image size-large\"><img loading=\"lazy\" decoding=\"async\" width=\"768\" height=\"1024\" src=\"https:\/\/sixiemesens.net\/wp-content\/uploads\/2023\/10\/IMG_1904-768x1024.jpeg\" alt=\"cabinet soins \u00e9nerg\u00e9tiques de Sabine Perez\" class=\"wp-image-1751\" srcset=\"https:\/\/sixiemesens.net\/wp-content\/uploads\/2023\/10\/IMG_1904-768x1024.jpeg 768w, https:\/\/sixiemesens.net\/wp-content\/uploads\/2023\/10\/IMG_1904-225x300.jpeg 225w, https:\/\/sixiemesens.net\/wp-content\/uploads\/2023\/10\/IMG_1904-1152x1536.jpeg 1152w, https:\/\/sixiemesens.net\/wp-content\/uploads\/2023\/10\/IMG_1904-1536x2048.jpeg 1536w, https:\/\/sixiemesens.net\/wp-content\/uploads\/2023\/10\/IMG_1904-45x60.jpeg 45w, https:\/\/sixiemesens.net\/wp-content\/uploads\/2023\/10\/IMG_1904-scaled.jpeg 1920w\" sizes=\"auto, (max-width: 768px) 100vw, 768px\" \/><\/figure>\n\n\n\n<p style=\"font-size:22px\"><strong>S\u00e9ance LaHoChi<\/strong><\/p>\n\n\n\n<p class=\"has-text-align-left\" style=\"font-size:14px\"><br>Une s\u00e9ance de soin \u00e9nerg\u00e9tique 13\u00e8me octave LaHoChi dure en <strong>moyenne une heure et demi et se fait habill\u00e9<\/strong>.<br>Je vous accueille <a href=\"https:\/\/sixiemesens.net\/index.php\/contact\/\" target=\"_blank\" rel=\"noreferrer noopener\">dans mon cabinet situ\u00e9 \u00e0 Bergerac<\/a> afin d\u2019\u00e9changer dans un premier temps sur les raisons de votre venue (objectif, besoin, motivations de consultation). Ce temps de parole permet de vous lib\u00e9rer de certaines \u00e9motions conscientes. Mais \u00e9galement de <strong>cibler vos diff\u00e9rents n\u0153uds \u00e9nerg\u00e9tiques<\/strong> et de m\u2019orienter sur l\u2019intention \u00e0 poser durant le soin. Je vous invite ensuite \u00e0 vous installer sur la table de massage et \u00e0 vous d\u00e9tendre pour pouvoir commencer la r\u00e9alisation du soin par apposition des mains sur ou au-dessus des diff\u00e9rentes parties de votre corps.<\/p>\n<\/div>\n\n\n\n<div class=\"wp-block-column is-layout-flow wp-block-column-is-layout-flow\">\n<p style=\"font-size:22px\"><strong>S\u00e9ance Reiki:<\/strong><\/p>\n\n\n\n<p style=\"font-size:14px\">Une s\u00e9ance de Reiki dure environ <strong>une heure et demi<\/strong>. Ainsi, dans un premier temps, je vous re\u00e7ois et vous \u00e9coute. Au cours de cet entretien, je vous invite \u00e0 m&rsquo;expliquer ce qui vous motive, le contexte de votre visite, et en particulier vos attentes. Ces entretiens sont des <strong>moments de partage, d\u2019\u00e9coute et de lib\u00e9ration de la parole<\/strong>. Cette relaxation m\u00e9ditative, profonde, induite par r\u00e9sonance, est un moment particuli\u00e8rement apaisant et tr\u00e8s r\u00e9parateur. Puis, vous vous allongez sur la table de massage. Vous restez bien s\u00fbr habill\u00e9 et je vous invite d&rsquo;ailleurs \u00e0 porter des v\u00eatements amples et confortables. Je mets alors mes mains sur, ou juste au-dessus de votre corps, sur une vingtaine de points sp\u00e9cifiques, vers les canaux d\u2019\u00e9nergie, <strong>afin de retrouver le point d&rsquo;\u00e9quilibre<\/strong>.<\/p>\n\n\n\n<figure class=\"wp-block-image size-large\"><img loading=\"lazy\" decoding=\"async\" width=\"768\" height=\"1024\" src=\"https:\/\/sixiemesens.net\/wp-content\/uploads\/2023\/10\/IMG_1902-768x1024.jpeg\" alt=\"la table de massage du cabinet soins \u00e9nerg\u00e9tiques de Sabine Perez\" class=\"wp-image-1750\" srcset=\"https:\/\/sixiemesens.net\/wp-content\/uploads\/2023\/10\/IMG_1902-768x1024.jpeg 768w, https:\/\/sixiemesens.net\/wp-content\/uploads\/2023\/10\/IMG_1902-225x300.jpeg 225w, https:\/\/sixiemesens.net\/wp-content\/uploads\/2023\/10\/IMG_1902-1152x1536.jpeg 1152w, https:\/\/sixiemesens.net\/wp-content\/uploads\/2023\/10\/IMG_1902-1536x2048.jpeg 1536w, https:\/\/sixiemesens.net\/wp-content\/uploads\/2023\/10\/IMG_1902-45x60.jpeg 45w, https:\/\/sixiemesens.net\/wp-content\/uploads\/2023\/10\/IMG_1902-scaled.jpeg 1920w\" sizes=\"auto, (max-width: 768px) 100vw, 768px\" \/><\/figure>\n<\/div>\n<\/div>\n\n\n\n<div class=\"wp-block-buttons is-content-justification-center is-layout-flex wp-container-core-buttons-is-layout-16018d1d wp-block-buttons-is-layout-flex\">\n<div class=\"wp-block-button is-style-outline is-style-outline--1\"><a class=\"wp-block-button__link wp-element-button\" href=\"https:\/\/sixiemesens.net\/index.php\/services\/\">Voir mes tarifs pour chaque s\u00e9ance<\/a><\/div>\n<\/div>\n\n\n\n<blockquote class=\"wp-block-quote is-layout-flow wp-block-quote-is-layout-flow\">\n<p>NB : Les soins \u00e9nerg\u00e9tiques ne se substituent pas \u00e0 la m\u00e9decine.<\/p>\n<\/blockquote>\n\n\n\n<p><\/p>\n","protected":false},"excerpt":{"rendered":"<p>S\u00e9ance LaHoChi Une s\u00e9ance de soin \u00e9nerg\u00e9tique 13\u00e8me octave LaHoChi dure en moyenne une heure et demi et se fait habill\u00e9.Je vous accueille dans mon cabinet situ\u00e9 \u00e0 Bergerac afin &hellip; <\/p>\n","protected":false},"author":1,"featured_media":1961,"parent":0,"menu_order":0,"comment_status":"closed","ping_status":"closed","template":"","meta":{"footnotes":""},"class_list":["post-35","page","type-page","status-publish","has-post-thumbnail","hentry"],"yoast_head":"<!-- This site is optimized with the Yoast SEO plugin v27.5 - https:\/\/yoast.com\/product\/yoast-seo-wordpress\/ -->\n<title>Soins \u00e9nerg\u00e9tiques Reiki - LaHoChi - Sabine \u00e9nerg\u00e9ticienne<\/title>\n<meta name=\"description\" content=\"Sabine pratique les soins \u00e9nerg\u00e9tiques Reiki et LaHoChi, qui permettent de lib\u00e9rer les \u00e9motions, de &quot;d\u00e9nouer les n\u0153uds&quot;.\" \/>\n<meta name=\"robots\" content=\"index, follow, max-snippet:-1, max-image-preview:large, max-video-preview:-1\" \/>\n<link rel=\"canonical\" href=\"https:\/\/sixiemesens.net\/index.php\/soins-energetiques-reiki-lahochi\/\" \/>\n<meta property=\"og:locale\" content=\"fr_FR\" \/>\n<meta property=\"og:type\" content=\"article\" \/>\n<meta property=\"og:title\" content=\"Soins \u00e9nerg\u00e9tiques Reiki - LaHoChi - Sabine \u00e9nerg\u00e9ticienne\" \/>\n<meta property=\"og:description\" content=\"Sabine pratique les soins \u00e9nerg\u00e9tiques Reiki et LaHoChi, qui permettent de lib\u00e9rer les \u00e9motions, de &quot;d\u00e9nouer les n\u0153uds&quot;.\" \/>\n<meta property=\"og:url\" content=\"https:\/\/sixiemesens.net\/index.php\/soins-energetiques-reiki-lahochi\/\" \/>\n<meta property=\"og:site_name\" content=\"Sabine \u00e9nerg\u00e9ticienne\" \/>\n<meta property=\"article:modified_time\" content=\"2023-11-04T13:52:37+00:00\" \/>\n<meta property=\"og:image\" content=\"https:\/\/sixiemesens.net\/wp-content\/uploads\/2023\/11\/etoile-scaled.jpg\" \/>\n\t<meta property=\"og:image:width\" content=\"2560\" \/>\n\t<meta property=\"og:image:height\" content=\"1748\" \/>\n\t<meta property=\"og:image:type\" content=\"image\/jpeg\" \/>\n<meta name=\"twitter:card\" content=\"summary_large_image\" \/>\n<meta name=\"twitter:label1\" content=\"Dur\u00e9e de lecture estim\u00e9e\" \/>\n\t<meta name=\"twitter:data1\" content=\"4 minutes\" \/>\n<script type=\"application\/ld+json\" class=\"yoast-schema-graph\">{\"@context\":\"https:\\\/\\\/schema.org\",\"@graph\":[{\"@type\":\"WebPage\",\"@id\":\"https:\\\/\\\/sixiemesens.net\\\/index.php\\\/soins-energetiques-reiki-lahochi\\\/\",\"url\":\"https:\\\/\\\/sixiemesens.net\\\/index.php\\\/soins-energetiques-reiki-lahochi\\\/\",\"name\":\"Soins \u00e9nerg\u00e9tiques Reiki - LaHoChi - Sabine \u00e9nerg\u00e9ticienne\",\"isPartOf\":{\"@id\":\"https:\\\/\\\/sixiemesens.net\\\/#website\"},\"primaryImageOfPage\":{\"@id\":\"https:\\\/\\\/sixiemesens.net\\\/index.php\\\/soins-energetiques-reiki-lahochi\\\/#primaryimage\"},\"image\":{\"@id\":\"https:\\\/\\\/sixiemesens.net\\\/index.php\\\/soins-energetiques-reiki-lahochi\\\/#primaryimage\"},\"thumbnailUrl\":\"https:\\\/\\\/sixiemesens.net\\\/wp-content\\\/uploads\\\/2023\\\/11\\\/etoile-scaled.jpg\",\"datePublished\":\"2023-07-16T14:02:37+00:00\",\"dateModified\":\"2023-11-04T13:52:37+00:00\",\"description\":\"Sabine pratique les soins \u00e9nerg\u00e9tiques Reiki et LaHoChi, qui permettent de lib\u00e9rer les \u00e9motions, de \\\"d\u00e9nouer les n\u0153uds\\\".\",\"breadcrumb\":{\"@id\":\"https:\\\/\\\/sixiemesens.net\\\/index.php\\\/soins-energetiques-reiki-lahochi\\\/#breadcrumb\"},\"inLanguage\":\"fr-FR\",\"potentialAction\":[{\"@type\":\"ReadAction\",\"target\":[\"https:\\\/\\\/sixiemesens.net\\\/index.php\\\/soins-energetiques-reiki-lahochi\\\/\"]}]},{\"@type\":\"ImageObject\",\"inLanguage\":\"fr-FR\",\"@id\":\"https:\\\/\\\/sixiemesens.net\\\/index.php\\\/soins-energetiques-reiki-lahochi\\\/#primaryimage\",\"url\":\"https:\\\/\\\/sixiemesens.net\\\/wp-content\\\/uploads\\\/2023\\\/11\\\/etoile-scaled.jpg\",\"contentUrl\":\"https:\\\/\\\/sixiemesens.net\\\/wp-content\\\/uploads\\\/2023\\\/11\\\/etoile-scaled.jpg\",\"width\":2560,\"height\":1748,\"caption\":\"Faith of christian concept: Spiritual prayer hands over sun shine with blurred beautiful sunset background\"},{\"@type\":\"BreadcrumbList\",\"@id\":\"https:\\\/\\\/sixiemesens.net\\\/index.php\\\/soins-energetiques-reiki-lahochi\\\/#breadcrumb\",\"itemListElement\":[{\"@type\":\"ListItem\",\"position\":1,\"name\":\"Accueil\",\"item\":\"https:\\\/\\\/sixiemesens.net\\\/\"},{\"@type\":\"ListItem\",\"position\":2,\"name\":\"Soins \u00e9nerg\u00e9tiques Reiki &#8211; LaHoChi\"}]},{\"@type\":\"WebSite\",\"@id\":\"https:\\\/\\\/sixiemesens.net\\\/#website\",\"url\":\"https:\\\/\\\/sixiemesens.net\\\/\",\"name\":\"Sabine \u00e9nerg\u00e9ticienne\",\"description\":\"\",\"publisher\":{\"@id\":\"https:\\\/\\\/sixiemesens.net\\\/#organization\"},\"potentialAction\":[{\"@type\":\"SearchAction\",\"target\":{\"@type\":\"EntryPoint\",\"urlTemplate\":\"https:\\\/\\\/sixiemesens.net\\\/?s={search_term_string}\"},\"query-input\":{\"@type\":\"PropertyValueSpecification\",\"valueRequired\":true,\"valueName\":\"search_term_string\"}}],\"inLanguage\":\"fr-FR\"},{\"@type\":\"Organization\",\"@id\":\"https:\\\/\\\/sixiemesens.net\\\/#organization\",\"name\":\"Sabine \u00e9nerg\u00e9ticienne\",\"url\":\"https:\\\/\\\/sixiemesens.net\\\/\",\"logo\":{\"@type\":\"ImageObject\",\"inLanguage\":\"fr-FR\",\"@id\":\"https:\\\/\\\/sixiemesens.net\\\/#\\\/schema\\\/logo\\\/image\\\/\",\"url\":\"https:\\\/\\\/sixiemesens.net\\\/wp-content\\\/uploads\\\/2023\\\/09\\\/sasa_energie.jpg\",\"contentUrl\":\"https:\\\/\\\/sixiemesens.net\\\/wp-content\\\/uploads\\\/2023\\\/09\\\/sasa_energie.jpg\",\"width\":180,\"height\":181,\"caption\":\"Sabine \u00e9nerg\u00e9ticienne\"},\"image\":{\"@id\":\"https:\\\/\\\/sixiemesens.net\\\/#\\\/schema\\\/logo\\\/image\\\/\"}}]}<\/script>\n<!-- \/ Yoast SEO plugin. -->","yoast_head_json":{"title":"Soins \u00e9nerg\u00e9tiques Reiki - LaHoChi - Sabine \u00e9nerg\u00e9ticienne","description":"Sabine pratique les soins \u00e9nerg\u00e9tiques Reiki et LaHoChi, qui permettent de lib\u00e9rer les \u00e9motions, de \"d\u00e9nouer les n\u0153uds\".","robots":{"index":"index","follow":"follow","max-snippet":"max-snippet:-1","max-image-preview":"max-image-preview:large","max-video-preview":"max-video-preview:-1"},"canonical":"https:\/\/sixiemesens.net\/index.php\/soins-energetiques-reiki-lahochi\/","og_locale":"fr_FR","og_type":"article","og_title":"Soins \u00e9nerg\u00e9tiques Reiki - LaHoChi - Sabine \u00e9nerg\u00e9ticienne","og_description":"Sabine pratique les soins \u00e9nerg\u00e9tiques Reiki et LaHoChi, qui permettent de lib\u00e9rer les \u00e9motions, de \"d\u00e9nouer les n\u0153uds\".","og_url":"https:\/\/sixiemesens.net\/index.php\/soins-energetiques-reiki-lahochi\/","og_site_name":"Sabine \u00e9nerg\u00e9ticienne","article_modified_time":"2023-11-04T13:52:37+00:00","og_image":[{"width":2560,"height":1748,"url":"https:\/\/sixiemesens.net\/wp-content\/uploads\/2023\/11\/etoile-scaled.jpg","type":"image\/jpeg"}],"twitter_card":"summary_large_image","twitter_misc":{"Dur\u00e9e de lecture estim\u00e9e":"4 minutes"},"schema":{"@context":"https:\/\/schema.org","@graph":[{"@type":"WebPage","@id":"https:\/\/sixiemesens.net\/index.php\/soins-energetiques-reiki-lahochi\/","url":"https:\/\/sixiemesens.net\/index.php\/soins-energetiques-reiki-lahochi\/","name":"Soins \u00e9nerg\u00e9tiques Reiki - LaHoChi - Sabine \u00e9nerg\u00e9ticienne","isPartOf":{"@id":"https:\/\/sixiemesens.net\/#website"},"primaryImageOfPage":{"@id":"https:\/\/sixiemesens.net\/index.php\/soins-energetiques-reiki-lahochi\/#primaryimage"},"image":{"@id":"https:\/\/sixiemesens.net\/index.php\/soins-energetiques-reiki-lahochi\/#primaryimage"},"thumbnailUrl":"https:\/\/sixiemesens.net\/wp-content\/uploads\/2023\/11\/etoile-scaled.jpg","datePublished":"2023-07-16T14:02:37+00:00","dateModified":"2023-11-04T13:52:37+00:00","description":"Sabine pratique les soins \u00e9nerg\u00e9tiques Reiki et LaHoChi, qui permettent de lib\u00e9rer les \u00e9motions, de \"d\u00e9nouer les n\u0153uds\".","breadcrumb":{"@id":"https:\/\/sixiemesens.net\/index.php\/soins-energetiques-reiki-lahochi\/#breadcrumb"},"inLanguage":"fr-FR","potentialAction":[{"@type":"ReadAction","target":["https:\/\/sixiemesens.net\/index.php\/soins-energetiques-reiki-lahochi\/"]}]},{"@type":"ImageObject","inLanguage":"fr-FR","@id":"https:\/\/sixiemesens.net\/index.php\/soins-energetiques-reiki-lahochi\/#primaryimage","url":"https:\/\/sixiemesens.net\/wp-content\/uploads\/2023\/11\/etoile-scaled.jpg","contentUrl":"https:\/\/sixiemesens.net\/wp-content\/uploads\/2023\/11\/etoile-scaled.jpg","width":2560,"height":1748,"caption":"Faith of christian concept: Spiritual prayer hands over sun shine with blurred beautiful sunset background"},{"@type":"BreadcrumbList","@id":"https:\/\/sixiemesens.net\/index.php\/soins-energetiques-reiki-lahochi\/#breadcrumb","itemListElement":[{"@type":"ListItem","position":1,"name":"Accueil","item":"https:\/\/sixiemesens.net\/"},{"@type":"ListItem","position":2,"name":"Soins \u00e9nerg\u00e9tiques Reiki &#8211; LaHoChi"}]},{"@type":"WebSite","@id":"https:\/\/sixiemesens.net\/#website","url":"https:\/\/sixiemesens.net\/","name":"Sabine \u00e9nerg\u00e9ticienne","description":"","publisher":{"@id":"https:\/\/sixiemesens.net\/#organization"},"potentialAction":[{"@type":"SearchAction","target":{"@type":"EntryPoint","urlTemplate":"https:\/\/sixiemesens.net\/?s={search_term_string}"},"query-input":{"@type":"PropertyValueSpecification","valueRequired":true,"valueName":"search_term_string"}}],"inLanguage":"fr-FR"},{"@type":"Organization","@id":"https:\/\/sixiemesens.net\/#organization","name":"Sabine \u00e9nerg\u00e9ticienne","url":"https:\/\/sixiemesens.net\/","logo":{"@type":"ImageObject","inLanguage":"fr-FR","@id":"https:\/\/sixiemesens.net\/#\/schema\/logo\/image\/","url":"https:\/\/sixiemesens.net\/wp-content\/uploads\/2023\/09\/sasa_energie.jpg","contentUrl":"https:\/\/sixiemesens.net\/wp-content\/uploads\/2023\/09\/sasa_energie.jpg","width":180,"height":181,"caption":"Sabine \u00e9nerg\u00e9ticienne"},"image":{"@id":"https:\/\/sixiemesens.net\/#\/schema\/logo\/image\/"}}]}},"_links":{"self":[{"href":"https:\/\/sixiemesens.net\/index.php\/wp-json\/wp\/v2\/pages\/35","targetHints":{"allow":["GET"]}}],"collection":[{"href":"https:\/\/sixiemesens.net\/index.php\/wp-json\/wp\/v2\/pages"}],"about":[{"href":"https:\/\/sixiemesens.net\/index.php\/wp-json\/wp\/v2\/types\/page"}],"author":[{"embeddable":true,"href":"https:\/\/sixiemesens.net\/index.php\/wp-json\/wp\/v2\/users\/1"}],"replies":[{"embeddable":true,"href":"https:\/\/sixiemesens.net\/index.php\/wp-json\/wp\/v2\/comments?post=35"}],"version-history":[{"count":113,"href":"https:\/\/sixiemesens.net\/index.php\/wp-json\/wp\/v2\/pages\/35\/revisions"}],"predecessor-version":[{"id":1949,"href":"https:\/\/sixiemesens.net\/index.php\/wp-json\/wp\/v2\/pages\/35\/revisions\/1949"}],"wp:featuredmedia":[{"embeddable":true,"href":"https:\/\/sixiemesens.net\/index.php\/wp-json\/wp\/v2\/media\/1961"}],"wp:attachment":[{"href":"https:\/\/sixiemesens.net\/index.php\/wp-json\/wp\/v2\/media?parent=35"}],"curies":[{"name":"wp","href":"https:\/\/api.w.org\/{rel}","templated":true}]}}