{"id":33,"date":"2023-07-16T14:02:37","date_gmt":"2023-07-16T14:02:37","guid":{"rendered":"https:\/\/sixiemesens.net\/?page_id=33"},"modified":"2023-11-04T14:50:31","modified_gmt":"2023-11-04T13:50:31","slug":"contact","status":"publish","type":"page","link":"https:\/\/sixiemesens.net\/index.php\/contact\/","title":{"rendered":"Contact"},"content":{"rendered":"\n<h2 class=\"wp-block-heading\">Sabine \u00e9nerg\u00e9ticienne<\/h2>\n\n\n\n<figure class=\"wp-block-image size-full is-resized\"><img loading=\"lazy\" decoding=\"async\" width=\"150\" height=\"168\" src=\"https:\/\/sixiemesens.net\/wp-content\/uploads\/2023\/09\/sasa_flou.png\" alt=\"Sabin \u00e9nerg\u00e9ticienne. Voyance et soins \u00e9nerg\u00e9tiques\" class=\"wp-image-1501\" style=\"width:121px;height:136px\" srcset=\"https:\/\/sixiemesens.net\/wp-content\/uploads\/2023\/09\/sasa_flou.png 150w, https:\/\/sixiemesens.net\/wp-content\/uploads\/2023\/09\/sasa_flou-54x60.png 54w\" sizes=\"auto, (max-width: 150px) 100vw, 150px\" \/><\/figure>\n\n\n<p><style>\/*! elementor - v3.14.0 - 26-06-2023 *\/<br \/>\n.elementor-heading-title{padding:0;margin:0;line-height:1}.elementor-widget-heading .elementor-heading-title[class*=elementor-size-]>a{color:inherit;font-size:inherit;line-height:inherit}.elementor-widget-heading .elementor-heading-title.elementor-size-small{font-size:15px}.elementor-widget-heading .elementor-heading-title.elementor-size-medium{font-size:19px}.elementor-widget-heading .elementor-heading-title.elementor-size-large{font-size:29px}.elementor-widget-heading .elementor-heading-title.elementor-size-xl{font-size:39px}.elementor-widget-heading .elementor-heading-title.elementor-size-xxl{font-size:59px}<\/style><\/p>\n<p>Pour me rencontrer et convenir d&rsquo;un rendez-vous pour la <a href=\"https:\/\/sixiemesens.net\/index.php\/voyance\/\">voyance<\/a> ou les soins \u00e9nerg\u00e9tiques, vous pouvez me contacter :<\/p>\n<ul>\n<li>par t\u00e9l\u00e9phone ou SMS au\u00a0 06 78 91 79 75<\/li>\n<\/ul>\n<p>Je vous r\u00e9pondrai aussi rapidement que possible !<br \/>A bient\u00f4t, Sabine<\/p>\n<p><style>\/*! elementor - v3.14.0 - 26-06-2023 *\/<br \/>\n.elementor-widget-google_maps .elementor-widget-container{overflow:hidden}.elementor-widget-google_maps .elementor-custom-embed{line-height:0}.elementor-widget-google_maps iframe{height:300px}<\/style><\/p>\n<p><iframe title=\"64 Bd Joseph Santraille 24100 BERGERAC\" src=\"https:\/\/maps.google.com\/maps?q=64%20Bd%20Joseph%20Santraille%2024100%20BERGERAC&amp;t=m&amp;z=10&amp;output=embed&amp;iwloc=near\" aria-label=\"64 Bd Joseph Santraille 24100 BERGERAC\"><\/iframe><\/p>\n\n\n<p>Acc\u00e8s personnes \u00e0 mobilit\u00e9 r\u00e9duite (PMR) &#8211; Parking<br>Cabinet climatis\u00e9<\/p>\n","protected":false},"excerpt":{"rendered":"<p>Sabine \u00e9nerg\u00e9ticienne Pour me rencontrer et convenir d&rsquo;un rendez-vous pour la voyance ou les soins \u00e9nerg\u00e9tiques, vous pouvez me contacter : par t\u00e9l\u00e9phone ou SMS au\u00a0 06 78 91 79 &hellip; <\/p>\n","protected":false},"author":1,"featured_media":1961,"parent":0,"menu_order":0,"comment_status":"closed","ping_status":"closed","template":"","meta":{"footnotes":""},"class_list":["post-33","page","type-page","status-publish","has-post-thumbnail","hentry"],"yoast_head":"<!-- This site is optimized with the Yoast SEO plugin v27.5 - https:\/\/yoast.com\/product\/yoast-seo-wordpress\/ -->\n<title>Contact - Sabine \u00e9nerg\u00e9ticienne<\/title>\n<meta name=\"description\" content=\"Pour contacter avec Sabine, \u00e9nerg\u00e9ticienne et voyante. Venez me rencontrer. Acc\u00e8s PMR, cartes cadeau. Mail, t\u00e9l\u00e9phone, SMS.\" \/>\n<meta name=\"robots\" content=\"index, follow, max-snippet:-1, max-image-preview:large, max-video-preview:-1\" \/>\n<link rel=\"canonical\" href=\"https:\/\/sixiemesens.net\/index.php\/contact\/\" \/>\n<meta property=\"og:locale\" content=\"fr_FR\" \/>\n<meta property=\"og:type\" content=\"article\" \/>\n<meta property=\"og:title\" content=\"Contact - Sabine \u00e9nerg\u00e9ticienne\" \/>\n<meta property=\"og:description\" content=\"Pour contacter avec Sabine, \u00e9nerg\u00e9ticienne et voyante. Venez me rencontrer. Acc\u00e8s PMR, cartes cadeau. Mail, t\u00e9l\u00e9phone, SMS.\" \/>\n<meta property=\"og:url\" content=\"https:\/\/sixiemesens.net\/index.php\/contact\/\" \/>\n<meta property=\"og:site_name\" content=\"Sabine \u00e9nerg\u00e9ticienne\" \/>\n<meta property=\"article:modified_time\" content=\"2023-11-04T13:50:31+00:00\" \/>\n<meta property=\"og:image\" content=\"https:\/\/sixiemesens.net\/wp-content\/uploads\/2023\/11\/etoile-scaled.jpg\" \/>\n\t<meta property=\"og:image:width\" content=\"2560\" \/>\n\t<meta property=\"og:image:height\" content=\"1748\" \/>\n\t<meta property=\"og:image:type\" content=\"image\/jpeg\" \/>\n<meta name=\"twitter:card\" content=\"summary_large_image\" \/>\n<meta name=\"twitter:label1\" content=\"Dur\u00e9e de lecture estim\u00e9e\" \/>\n\t<meta name=\"twitter:data1\" content=\"1 minute\" \/>\n<script type=\"application\/ld+json\" class=\"yoast-schema-graph\">{\"@context\":\"https:\\\/\\\/schema.org\",\"@graph\":[{\"@type\":\"WebPage\",\"@id\":\"https:\\\/\\\/sixiemesens.net\\\/index.php\\\/contact\\\/\",\"url\":\"https:\\\/\\\/sixiemesens.net\\\/index.php\\\/contact\\\/\",\"name\":\"Contact - Sabine \u00e9nerg\u00e9ticienne\",\"isPartOf\":{\"@id\":\"https:\\\/\\\/sixiemesens.net\\\/#website\"},\"primaryImageOfPage\":{\"@id\":\"https:\\\/\\\/sixiemesens.net\\\/index.php\\\/contact\\\/#primaryimage\"},\"image\":{\"@id\":\"https:\\\/\\\/sixiemesens.net\\\/index.php\\\/contact\\\/#primaryimage\"},\"thumbnailUrl\":\"https:\\\/\\\/sixiemesens.net\\\/wp-content\\\/uploads\\\/2023\\\/11\\\/etoile-scaled.jpg\",\"datePublished\":\"2023-07-16T14:02:37+00:00\",\"dateModified\":\"2023-11-04T13:50:31+00:00\",\"description\":\"Pour contacter avec Sabine, \u00e9nerg\u00e9ticienne et voyante. Venez me rencontrer. Acc\u00e8s PMR, cartes cadeau. Mail, t\u00e9l\u00e9phone, SMS.\",\"breadcrumb\":{\"@id\":\"https:\\\/\\\/sixiemesens.net\\\/index.php\\\/contact\\\/#breadcrumb\"},\"inLanguage\":\"fr-FR\",\"potentialAction\":[{\"@type\":\"ReadAction\",\"target\":[\"https:\\\/\\\/sixiemesens.net\\\/index.php\\\/contact\\\/\"]}]},{\"@type\":\"ImageObject\",\"inLanguage\":\"fr-FR\",\"@id\":\"https:\\\/\\\/sixiemesens.net\\\/index.php\\\/contact\\\/#primaryimage\",\"url\":\"https:\\\/\\\/sixiemesens.net\\\/wp-content\\\/uploads\\\/2023\\\/11\\\/etoile-scaled.jpg\",\"contentUrl\":\"https:\\\/\\\/sixiemesens.net\\\/wp-content\\\/uploads\\\/2023\\\/11\\\/etoile-scaled.jpg\",\"width\":2560,\"height\":1748,\"caption\":\"Faith of christian concept: Spiritual prayer hands over sun shine with blurred beautiful sunset background\"},{\"@type\":\"BreadcrumbList\",\"@id\":\"https:\\\/\\\/sixiemesens.net\\\/index.php\\\/contact\\\/#breadcrumb\",\"itemListElement\":[{\"@type\":\"ListItem\",\"position\":1,\"name\":\"Accueil\",\"item\":\"https:\\\/\\\/sixiemesens.net\\\/\"},{\"@type\":\"ListItem\",\"position\":2,\"name\":\"Contact\"}]},{\"@type\":\"WebSite\",\"@id\":\"https:\\\/\\\/sixiemesens.net\\\/#website\",\"url\":\"https:\\\/\\\/sixiemesens.net\\\/\",\"name\":\"Sabine \u00e9nerg\u00e9ticienne\",\"description\":\"\",\"publisher\":{\"@id\":\"https:\\\/\\\/sixiemesens.net\\\/#organization\"},\"potentialAction\":[{\"@type\":\"SearchAction\",\"target\":{\"@type\":\"EntryPoint\",\"urlTemplate\":\"https:\\\/\\\/sixiemesens.net\\\/?s={search_term_string}\"},\"query-input\":{\"@type\":\"PropertyValueSpecification\",\"valueRequired\":true,\"valueName\":\"search_term_string\"}}],\"inLanguage\":\"fr-FR\"},{\"@type\":\"Organization\",\"@id\":\"https:\\\/\\\/sixiemesens.net\\\/#organization\",\"name\":\"Sabine \u00e9nerg\u00e9ticienne\",\"url\":\"https:\\\/\\\/sixiemesens.net\\\/\",\"logo\":{\"@type\":\"ImageObject\",\"inLanguage\":\"fr-FR\",\"@id\":\"https:\\\/\\\/sixiemesens.net\\\/#\\\/schema\\\/logo\\\/image\\\/\",\"url\":\"https:\\\/\\\/sixiemesens.net\\\/wp-content\\\/uploads\\\/2023\\\/09\\\/sasa_energie.jpg\",\"contentUrl\":\"https:\\\/\\\/sixiemesens.net\\\/wp-content\\\/uploads\\\/2023\\\/09\\\/sasa_energie.jpg\",\"width\":180,\"height\":181,\"caption\":\"Sabine \u00e9nerg\u00e9ticienne\"},\"image\":{\"@id\":\"https:\\\/\\\/sixiemesens.net\\\/#\\\/schema\\\/logo\\\/image\\\/\"}}]}<\/script>\n<!-- \/ Yoast SEO plugin. -->","yoast_head_json":{"title":"Contact - Sabine \u00e9nerg\u00e9ticienne","description":"Pour contacter avec Sabine, \u00e9nerg\u00e9ticienne et voyante. Venez me rencontrer. Acc\u00e8s PMR, cartes cadeau. Mail, t\u00e9l\u00e9phone, SMS.","robots":{"index":"index","follow":"follow","max-snippet":"max-snippet:-1","max-image-preview":"max-image-preview:large","max-video-preview":"max-video-preview:-1"},"canonical":"https:\/\/sixiemesens.net\/index.php\/contact\/","og_locale":"fr_FR","og_type":"article","og_title":"Contact - Sabine \u00e9nerg\u00e9ticienne","og_description":"Pour contacter avec Sabine, \u00e9nerg\u00e9ticienne et voyante. Venez me rencontrer. Acc\u00e8s PMR, cartes cadeau. Mail, t\u00e9l\u00e9phone, SMS.","og_url":"https:\/\/sixiemesens.net\/index.php\/contact\/","og_site_name":"Sabine \u00e9nerg\u00e9ticienne","article_modified_time":"2023-11-04T13:50:31+00:00","og_image":[{"width":2560,"height":1748,"url":"https:\/\/sixiemesens.net\/wp-content\/uploads\/2023\/11\/etoile-scaled.jpg","type":"image\/jpeg"}],"twitter_card":"summary_large_image","twitter_misc":{"Dur\u00e9e de lecture estim\u00e9e":"1 minute"},"schema":{"@context":"https:\/\/schema.org","@graph":[{"@type":"WebPage","@id":"https:\/\/sixiemesens.net\/index.php\/contact\/","url":"https:\/\/sixiemesens.net\/index.php\/contact\/","name":"Contact - Sabine \u00e9nerg\u00e9ticienne","isPartOf":{"@id":"https:\/\/sixiemesens.net\/#website"},"primaryImageOfPage":{"@id":"https:\/\/sixiemesens.net\/index.php\/contact\/#primaryimage"},"image":{"@id":"https:\/\/sixiemesens.net\/index.php\/contact\/#primaryimage"},"thumbnailUrl":"https:\/\/sixiemesens.net\/wp-content\/uploads\/2023\/11\/etoile-scaled.jpg","datePublished":"2023-07-16T14:02:37+00:00","dateModified":"2023-11-04T13:50:31+00:00","description":"Pour contacter avec Sabine, \u00e9nerg\u00e9ticienne et voyante. Venez me rencontrer. Acc\u00e8s PMR, cartes cadeau. Mail, t\u00e9l\u00e9phone, SMS.","breadcrumb":{"@id":"https:\/\/sixiemesens.net\/index.php\/contact\/#breadcrumb"},"inLanguage":"fr-FR","potentialAction":[{"@type":"ReadAction","target":["https:\/\/sixiemesens.net\/index.php\/contact\/"]}]},{"@type":"ImageObject","inLanguage":"fr-FR","@id":"https:\/\/sixiemesens.net\/index.php\/contact\/#primaryimage","url":"https:\/\/sixiemesens.net\/wp-content\/uploads\/2023\/11\/etoile-scaled.jpg","contentUrl":"https:\/\/sixiemesens.net\/wp-content\/uploads\/2023\/11\/etoile-scaled.jpg","width":2560,"height":1748,"caption":"Faith of christian concept: Spiritual prayer hands over sun shine with blurred beautiful sunset background"},{"@type":"BreadcrumbList","@id":"https:\/\/sixiemesens.net\/index.php\/contact\/#breadcrumb","itemListElement":[{"@type":"ListItem","position":1,"name":"Accueil","item":"https:\/\/sixiemesens.net\/"},{"@type":"ListItem","position":2,"name":"Contact"}]},{"@type":"WebSite","@id":"https:\/\/sixiemesens.net\/#website","url":"https:\/\/sixiemesens.net\/","name":"Sabine \u00e9nerg\u00e9ticienne","description":"","publisher":{"@id":"https:\/\/sixiemesens.net\/#organization"},"potentialAction":[{"@type":"SearchAction","target":{"@type":"EntryPoint","urlTemplate":"https:\/\/sixiemesens.net\/?s={search_term_string}"},"query-input":{"@type":"PropertyValueSpecification","valueRequired":true,"valueName":"search_term_string"}}],"inLanguage":"fr-FR"},{"@type":"Organization","@id":"https:\/\/sixiemesens.net\/#organization","name":"Sabine \u00e9nerg\u00e9ticienne","url":"https:\/\/sixiemesens.net\/","logo":{"@type":"ImageObject","inLanguage":"fr-FR","@id":"https:\/\/sixiemesens.net\/#\/schema\/logo\/image\/","url":"https:\/\/sixiemesens.net\/wp-content\/uploads\/2023\/09\/sasa_energie.jpg","contentUrl":"https:\/\/sixiemesens.net\/wp-content\/uploads\/2023\/09\/sasa_energie.jpg","width":180,"height":181,"caption":"Sabine \u00e9nerg\u00e9ticienne"},"image":{"@id":"https:\/\/sixiemesens.net\/#\/schema\/logo\/image\/"}}]}},"_links":{"self":[{"href":"https:\/\/sixiemesens.net\/index.php\/wp-json\/wp\/v2\/pages\/33","targetHints":{"allow":["GET"]}}],"collection":[{"href":"https:\/\/sixiemesens.net\/index.php\/wp-json\/wp\/v2\/pages"}],"about":[{"href":"https:\/\/sixiemesens.net\/index.php\/wp-json\/wp\/v2\/types\/page"}],"author":[{"embeddable":true,"href":"https:\/\/sixiemesens.net\/index.php\/wp-json\/wp\/v2\/users\/1"}],"replies":[{"embeddable":true,"href":"https:\/\/sixiemesens.net\/index.php\/wp-json\/wp\/v2\/comments?post=33"}],"version-history":[{"count":25,"href":"https:\/\/sixiemesens.net\/index.php\/wp-json\/wp\/v2\/pages\/33\/revisions"}],"predecessor-version":[{"id":1941,"href":"https:\/\/sixiemesens.net\/index.php\/wp-json\/wp\/v2\/pages\/33\/revisions\/1941"}],"wp:featuredmedia":[{"embeddable":true,"href":"https:\/\/sixiemesens.net\/index.php\/wp-json\/wp\/v2\/media\/1961"}],"wp:attachment":[{"href":"https:\/\/sixiemesens.net\/index.php\/wp-json\/wp\/v2\/media?parent=33"}],"curies":[{"name":"wp","href":"https:\/\/api.w.org\/{rel}","templated":true}]}}