{"id":32,"date":"2023-07-16T14:02:37","date_gmt":"2023-07-16T14:02:37","guid":{"rendered":"https:\/\/sixiemesens.net\/?page_id=32"},"modified":"2023-11-04T14:53:04","modified_gmt":"2023-11-04T13:53:04","slug":"mon-histoire","status":"publish","type":"page","link":"https:\/\/sixiemesens.net\/index.php\/mon-histoire\/","title":{"rendered":"Mon histoire"},"content":{"rendered":"<div class=\"wp-block-image\">\n<figure class=\"alignleft\"><img loading=\"lazy\" decoding=\"async\" width=\"150\" height=\"168\" src=\"https:\/\/sixiemesens.net\/wp-content\/uploads\/2023\/09\/sasa_flou.png\" alt=\"Sabin \u00e9nerg\u00e9ticienne. Voyance et soins \u00e9nerg\u00e9tiques\" class=\"wp-image-1501\" srcset=\"https:\/\/sixiemesens.net\/wp-content\/uploads\/2023\/09\/sasa_flou.png 150w, https:\/\/sixiemesens.net\/wp-content\/uploads\/2023\/09\/sasa_flou-54x60.png 54w\" sizes=\"auto, (max-width: 150px) 100vw, 150px\" \/><\/figure>\n<\/div>\n\n\n<h2 class=\"wp-block-heading\">La voyance, une affaire de famille&#8230;<\/h2>\n\n\n<p><strong>Mon don de voyance est un h\u00e9ritage familial<\/strong>. Mon arri\u00e8re grand-m\u00e8re, puis mon p\u00e8re, ont toujours vu et senti des pr\u00e9sences, des vibrations. Enfant, je me souviens des grandes personnes qui venaient voir mon p\u00e8re pour les guider. Il m&rsquo;a fallu du temps pour accepter que je portais aussi ce don de m\u00e9dium en moi. La mort de mon p\u00e8re et ses mots ce jour-l\u00e0 : \u00ab\u00a0<em>ma fille, ton don est encore plus puissant que le mien. Aide les gens<\/em>\u00a0\u00bb furent pour moi le d\u00e9clencheur. Le chemin fut long avant l&rsquo;acceptation de ce \u00ab\u00a0sixi\u00e8me sens\u00a0\u00bb et c&rsquo;est tout naturellement que je me suis tourn\u00e9e vers les m\u00e9tiers du soin depuis mes dix-huit ans.<\/p>\n<h2>Puis une r\u00e9v\u00e9lation : le Reiki et la 13\u00e8me octave LaHoChi<\/h2>\n<p>Apr\u00e8s un burn-out professionnel, qui a failli d\u00e9truire mon corps et mon \u00e2me, j&rsquo;ai r\u00e9alis\u00e9 que l&rsquo;\u00eatre humain est un tout. J&rsquo;ai ainsi explor\u00e9 d&rsquo;autres domaines traitant de mieux-\u00eatre, de vibrations et de lumi\u00e8re. Les pr\u00e9ceptes du <strong>Reiki et de la 13\u00e8me octave LaHoChi<\/strong>\u00a0se sont imm\u00e9diatement impos\u00e9s \u00e0 moi. L&rsquo;\u00e9nergie, la lumi\u00e8re, les vibrations et mes visions se conjuguaient, c&rsquo;\u00e9tait comme une \u00e9vidence.<br \/>Je me suis ainsi form\u00e9e aux techniques du Reiki et de la 13\u00e8me octave LaHoChi, des soins \u00e9nerg\u00e9tiques qui se correspondent et r\u00e9sonnent avec le don re\u00e7u de mon p\u00e8re et de mon arri\u00e8re-grand-m\u00e8re.<\/p>\n<p>Si vous souhaitez <strong>mieux vous conna\u00eetre, obtenir des <a href=\"https:\/\/sixiemesens.net\/index.php\/voyance\/\">r\u00e9ponses \u00e0 vos questionnements<\/a>, harmoniser corps et esprit, trouver la source de blocages, ou <a href=\"https:\/\/sixiemesens.net\/index.php\/soins-energetiques-reiki-lahochi\/\">r\u00e9\u00e9quilibrer les \u00e9nergies<\/a><\/strong> qui circulent naturellement dans votre corps, venez me rencontrer.<\/p>\n\n\n<h2 class=\"wp-block-heading\">Mes certifications Reiki et 13\u00e8me octave LaHoChi<\/h2>\n\n\n\n<p>J&rsquo;ai obtenu les 3 niveaux de Reiki ainsi que le niveau Reiki UZU au bout de plusieurs ann\u00e9es de pratique et de formations. <br>En effet, contrairement \u00e0 ce que l&rsquo;on peut imaginer, il ne suffit pas de quelques semaines de formation sur internet pour \u00eatre un praticien s\u00e9rieux. Il m&rsquo;a fallu une ann\u00e9e compl\u00e8te de travail sur moi entre chaque niveau pour \u00eatre capable et habilit\u00e9 \u00e0 pratiquer des soins \u00e9nerg\u00e9tiques. <br>C&rsquo;est tout naturellement que ma formatrice Josiane, au cours de mes formations Reiki, m&rsquo;a initi\u00e9e \u00e9galement \u00e0 la 13\u00e8me octave Lahochi, en m&rsquo;expliquant que ces deux formations \u00e9taient compl\u00e9mentaires. <br>Des personnes reconnaissant le s\u00e9rieux de ma d\u00e9marche se sont propos\u00e9s comme volontaires afin que je puisse valider mes niveaux.<br>Je remercie Josiane, ma formatrice pour son enseignement et sa bienveillance, ainsi que mes volontaires fabuleux qui m&rsquo;ont permis de valider ces certifications et de m&rsquo;\u00e9panouir dans la pratique des diff\u00e9rents soins et qui se reconna\u00eetront ;-).<\/p>\n\n\n\n<p><br><\/p>\n","protected":false},"excerpt":{"rendered":"<p>La voyance, une affaire de famille&#8230; Mon don de voyance est un h\u00e9ritage familial. Mon arri\u00e8re grand-m\u00e8re, puis mon p\u00e8re, ont toujours vu et senti des pr\u00e9sences, des vibrations. Enfant, &hellip; <\/p>\n","protected":false},"author":1,"featured_media":1961,"parent":0,"menu_order":0,"comment_status":"closed","ping_status":"closed","template":"","meta":{"footnotes":""},"class_list":["post-32","page","type-page","status-publish","has-post-thumbnail","hentry"],"yoast_head":"<!-- This site is optimized with the Yoast SEO plugin v27.5 - https:\/\/yoast.com\/product\/yoast-seo-wordpress\/ -->\n<title>Mon histoire - Sabine \u00e9nerg\u00e9ticienne<\/title>\n<meta name=\"description\" content=\"M\u00e9dium de p\u00e8re en fille, je pratique la voyance et les soins \u00e9nerg\u00e9tiques comme le Reiki et LaHoChi. Voici mon histoire...\" \/>\n<meta name=\"robots\" content=\"index, follow, max-snippet:-1, max-image-preview:large, max-video-preview:-1\" \/>\n<link rel=\"canonical\" href=\"https:\/\/sixiemesens.net\/index.php\/mon-histoire\/\" \/>\n<meta property=\"og:locale\" content=\"fr_FR\" \/>\n<meta property=\"og:type\" content=\"article\" \/>\n<meta property=\"og:title\" content=\"Mon histoire - Sabine \u00e9nerg\u00e9ticienne\" \/>\n<meta property=\"og:description\" content=\"M\u00e9dium de p\u00e8re en fille, je pratique la voyance et les soins \u00e9nerg\u00e9tiques comme le Reiki et LaHoChi. Voici mon histoire...\" \/>\n<meta property=\"og:url\" content=\"https:\/\/sixiemesens.net\/index.php\/mon-histoire\/\" \/>\n<meta property=\"og:site_name\" content=\"Sabine \u00e9nerg\u00e9ticienne\" \/>\n<meta property=\"article:modified_time\" content=\"2023-11-04T13:53:04+00:00\" \/>\n<meta property=\"og:image\" content=\"https:\/\/sixiemesens.net\/wp-content\/uploads\/2023\/11\/etoile-scaled.jpg\" \/>\n\t<meta property=\"og:image:width\" content=\"2560\" \/>\n\t<meta property=\"og:image:height\" content=\"1748\" \/>\n\t<meta property=\"og:image:type\" content=\"image\/jpeg\" \/>\n<meta name=\"twitter:card\" content=\"summary_large_image\" \/>\n<meta name=\"twitter:label1\" content=\"Dur\u00e9e de lecture estim\u00e9e\" \/>\n\t<meta name=\"twitter:data1\" content=\"3 minutes\" \/>\n<script type=\"application\/ld+json\" class=\"yoast-schema-graph\">{\"@context\":\"https:\\\/\\\/schema.org\",\"@graph\":[{\"@type\":\"WebPage\",\"@id\":\"https:\\\/\\\/sixiemesens.net\\\/index.php\\\/mon-histoire\\\/\",\"url\":\"https:\\\/\\\/sixiemesens.net\\\/index.php\\\/mon-histoire\\\/\",\"name\":\"Mon histoire - Sabine \u00e9nerg\u00e9ticienne\",\"isPartOf\":{\"@id\":\"https:\\\/\\\/sixiemesens.net\\\/#website\"},\"primaryImageOfPage\":{\"@id\":\"https:\\\/\\\/sixiemesens.net\\\/index.php\\\/mon-histoire\\\/#primaryimage\"},\"image\":{\"@id\":\"https:\\\/\\\/sixiemesens.net\\\/index.php\\\/mon-histoire\\\/#primaryimage\"},\"thumbnailUrl\":\"https:\\\/\\\/sixiemesens.net\\\/wp-content\\\/uploads\\\/2023\\\/11\\\/etoile-scaled.jpg\",\"datePublished\":\"2023-07-16T14:02:37+00:00\",\"dateModified\":\"2023-11-04T13:53:04+00:00\",\"description\":\"M\u00e9dium de p\u00e8re en fille, je pratique la voyance et les soins \u00e9nerg\u00e9tiques comme le Reiki et LaHoChi. Voici mon histoire...\",\"breadcrumb\":{\"@id\":\"https:\\\/\\\/sixiemesens.net\\\/index.php\\\/mon-histoire\\\/#breadcrumb\"},\"inLanguage\":\"fr-FR\",\"potentialAction\":[{\"@type\":\"ReadAction\",\"target\":[\"https:\\\/\\\/sixiemesens.net\\\/index.php\\\/mon-histoire\\\/\"]}]},{\"@type\":\"ImageObject\",\"inLanguage\":\"fr-FR\",\"@id\":\"https:\\\/\\\/sixiemesens.net\\\/index.php\\\/mon-histoire\\\/#primaryimage\",\"url\":\"https:\\\/\\\/sixiemesens.net\\\/wp-content\\\/uploads\\\/2023\\\/11\\\/etoile-scaled.jpg\",\"contentUrl\":\"https:\\\/\\\/sixiemesens.net\\\/wp-content\\\/uploads\\\/2023\\\/11\\\/etoile-scaled.jpg\",\"width\":2560,\"height\":1748,\"caption\":\"Faith of christian concept: Spiritual prayer hands over sun shine with blurred beautiful sunset background\"},{\"@type\":\"BreadcrumbList\",\"@id\":\"https:\\\/\\\/sixiemesens.net\\\/index.php\\\/mon-histoire\\\/#breadcrumb\",\"itemListElement\":[{\"@type\":\"ListItem\",\"position\":1,\"name\":\"Accueil\",\"item\":\"https:\\\/\\\/sixiemesens.net\\\/\"},{\"@type\":\"ListItem\",\"position\":2,\"name\":\"Mon histoire\"}]},{\"@type\":\"WebSite\",\"@id\":\"https:\\\/\\\/sixiemesens.net\\\/#website\",\"url\":\"https:\\\/\\\/sixiemesens.net\\\/\",\"name\":\"Sabine \u00e9nerg\u00e9ticienne\",\"description\":\"\",\"publisher\":{\"@id\":\"https:\\\/\\\/sixiemesens.net\\\/#organization\"},\"potentialAction\":[{\"@type\":\"SearchAction\",\"target\":{\"@type\":\"EntryPoint\",\"urlTemplate\":\"https:\\\/\\\/sixiemesens.net\\\/?s={search_term_string}\"},\"query-input\":{\"@type\":\"PropertyValueSpecification\",\"valueRequired\":true,\"valueName\":\"search_term_string\"}}],\"inLanguage\":\"fr-FR\"},{\"@type\":\"Organization\",\"@id\":\"https:\\\/\\\/sixiemesens.net\\\/#organization\",\"name\":\"Sabine \u00e9nerg\u00e9ticienne\",\"url\":\"https:\\\/\\\/sixiemesens.net\\\/\",\"logo\":{\"@type\":\"ImageObject\",\"inLanguage\":\"fr-FR\",\"@id\":\"https:\\\/\\\/sixiemesens.net\\\/#\\\/schema\\\/logo\\\/image\\\/\",\"url\":\"https:\\\/\\\/sixiemesens.net\\\/wp-content\\\/uploads\\\/2023\\\/09\\\/sasa_energie.jpg\",\"contentUrl\":\"https:\\\/\\\/sixiemesens.net\\\/wp-content\\\/uploads\\\/2023\\\/09\\\/sasa_energie.jpg\",\"width\":180,\"height\":181,\"caption\":\"Sabine \u00e9nerg\u00e9ticienne\"},\"image\":{\"@id\":\"https:\\\/\\\/sixiemesens.net\\\/#\\\/schema\\\/logo\\\/image\\\/\"}}]}<\/script>\n<!-- \/ Yoast SEO plugin. -->","yoast_head_json":{"title":"Mon histoire - Sabine \u00e9nerg\u00e9ticienne","description":"M\u00e9dium de p\u00e8re en fille, je pratique la voyance et les soins \u00e9nerg\u00e9tiques comme le Reiki et LaHoChi. Voici mon histoire...","robots":{"index":"index","follow":"follow","max-snippet":"max-snippet:-1","max-image-preview":"max-image-preview:large","max-video-preview":"max-video-preview:-1"},"canonical":"https:\/\/sixiemesens.net\/index.php\/mon-histoire\/","og_locale":"fr_FR","og_type":"article","og_title":"Mon histoire - Sabine \u00e9nerg\u00e9ticienne","og_description":"M\u00e9dium de p\u00e8re en fille, je pratique la voyance et les soins \u00e9nerg\u00e9tiques comme le Reiki et LaHoChi. Voici mon histoire...","og_url":"https:\/\/sixiemesens.net\/index.php\/mon-histoire\/","og_site_name":"Sabine \u00e9nerg\u00e9ticienne","article_modified_time":"2023-11-04T13:53:04+00:00","og_image":[{"width":2560,"height":1748,"url":"https:\/\/sixiemesens.net\/wp-content\/uploads\/2023\/11\/etoile-scaled.jpg","type":"image\/jpeg"}],"twitter_card":"summary_large_image","twitter_misc":{"Dur\u00e9e de lecture estim\u00e9e":"3 minutes"},"schema":{"@context":"https:\/\/schema.org","@graph":[{"@type":"WebPage","@id":"https:\/\/sixiemesens.net\/index.php\/mon-histoire\/","url":"https:\/\/sixiemesens.net\/index.php\/mon-histoire\/","name":"Mon histoire - Sabine \u00e9nerg\u00e9ticienne","isPartOf":{"@id":"https:\/\/sixiemesens.net\/#website"},"primaryImageOfPage":{"@id":"https:\/\/sixiemesens.net\/index.php\/mon-histoire\/#primaryimage"},"image":{"@id":"https:\/\/sixiemesens.net\/index.php\/mon-histoire\/#primaryimage"},"thumbnailUrl":"https:\/\/sixiemesens.net\/wp-content\/uploads\/2023\/11\/etoile-scaled.jpg","datePublished":"2023-07-16T14:02:37+00:00","dateModified":"2023-11-04T13:53:04+00:00","description":"M\u00e9dium de p\u00e8re en fille, je pratique la voyance et les soins \u00e9nerg\u00e9tiques comme le Reiki et LaHoChi. Voici mon histoire...","breadcrumb":{"@id":"https:\/\/sixiemesens.net\/index.php\/mon-histoire\/#breadcrumb"},"inLanguage":"fr-FR","potentialAction":[{"@type":"ReadAction","target":["https:\/\/sixiemesens.net\/index.php\/mon-histoire\/"]}]},{"@type":"ImageObject","inLanguage":"fr-FR","@id":"https:\/\/sixiemesens.net\/index.php\/mon-histoire\/#primaryimage","url":"https:\/\/sixiemesens.net\/wp-content\/uploads\/2023\/11\/etoile-scaled.jpg","contentUrl":"https:\/\/sixiemesens.net\/wp-content\/uploads\/2023\/11\/etoile-scaled.jpg","width":2560,"height":1748,"caption":"Faith of christian concept: Spiritual prayer hands over sun shine with blurred beautiful sunset background"},{"@type":"BreadcrumbList","@id":"https:\/\/sixiemesens.net\/index.php\/mon-histoire\/#breadcrumb","itemListElement":[{"@type":"ListItem","position":1,"name":"Accueil","item":"https:\/\/sixiemesens.net\/"},{"@type":"ListItem","position":2,"name":"Mon histoire"}]},{"@type":"WebSite","@id":"https:\/\/sixiemesens.net\/#website","url":"https:\/\/sixiemesens.net\/","name":"Sabine \u00e9nerg\u00e9ticienne","description":"","publisher":{"@id":"https:\/\/sixiemesens.net\/#organization"},"potentialAction":[{"@type":"SearchAction","target":{"@type":"EntryPoint","urlTemplate":"https:\/\/sixiemesens.net\/?s={search_term_string}"},"query-input":{"@type":"PropertyValueSpecification","valueRequired":true,"valueName":"search_term_string"}}],"inLanguage":"fr-FR"},{"@type":"Organization","@id":"https:\/\/sixiemesens.net\/#organization","name":"Sabine \u00e9nerg\u00e9ticienne","url":"https:\/\/sixiemesens.net\/","logo":{"@type":"ImageObject","inLanguage":"fr-FR","@id":"https:\/\/sixiemesens.net\/#\/schema\/logo\/image\/","url":"https:\/\/sixiemesens.net\/wp-content\/uploads\/2023\/09\/sasa_energie.jpg","contentUrl":"https:\/\/sixiemesens.net\/wp-content\/uploads\/2023\/09\/sasa_energie.jpg","width":180,"height":181,"caption":"Sabine \u00e9nerg\u00e9ticienne"},"image":{"@id":"https:\/\/sixiemesens.net\/#\/schema\/logo\/image\/"}}]}},"_links":{"self":[{"href":"https:\/\/sixiemesens.net\/index.php\/wp-json\/wp\/v2\/pages\/32","targetHints":{"allow":["GET"]}}],"collection":[{"href":"https:\/\/sixiemesens.net\/index.php\/wp-json\/wp\/v2\/pages"}],"about":[{"href":"https:\/\/sixiemesens.net\/index.php\/wp-json\/wp\/v2\/types\/page"}],"author":[{"embeddable":true,"href":"https:\/\/sixiemesens.net\/index.php\/wp-json\/wp\/v2\/users\/1"}],"replies":[{"embeddable":true,"href":"https:\/\/sixiemesens.net\/index.php\/wp-json\/wp\/v2\/comments?post=32"}],"version-history":[{"count":53,"href":"https:\/\/sixiemesens.net\/index.php\/wp-json\/wp\/v2\/pages\/32\/revisions"}],"predecessor-version":[{"id":1850,"href":"https:\/\/sixiemesens.net\/index.php\/wp-json\/wp\/v2\/pages\/32\/revisions\/1850"}],"wp:featuredmedia":[{"embeddable":true,"href":"https:\/\/sixiemesens.net\/index.php\/wp-json\/wp\/v2\/media\/1961"}],"wp:attachment":[{"href":"https:\/\/sixiemesens.net\/index.php\/wp-json\/wp\/v2\/media?parent=32"}],"curies":[{"name":"wp","href":"https:\/\/api.w.org\/{rel}","templated":true}]}}