{"id":1873,"date":"2023-10-30T11:39:40","date_gmt":"2023-10-30T10:39:40","guid":{"rendered":"https:\/\/sixiemesens.net\/?page_id=1873"},"modified":"2023-11-04T14:52:51","modified_gmt":"2023-11-04T13:52:51","slug":"temoignages","status":"publish","type":"page","link":"https:\/\/sixiemesens.net\/index.php\/mon-histoire\/temoignages\/","title":{"rendered":"T\u00e9moignages"},"content":{"rendered":"\n<h2 class=\"wp-block-heading\">Vos t\u00e9moignages sur mes s\u00e9ances de voyance ou de soins \u00e9nerg\u00e9tiques sont essentiels !<\/h2>\n\n\n\n<hr class=\"wp-block-separator has-css-opacity is-style-default\"\/>\n\n\n<div class=\"wp-block-image is-resized is-style-rounded\">\n<figure class=\"aligncenter size-large\"><img decoding=\"async\" src=\"https:\/\/s.w.org\/images\/core\/5.8\/portrait.jpg\" alt=\"Un portrait de profil d\u2019une femme portant un pull \u00e0 col roul\u00e9 ocre et un sac blanc. Elle regarde en l\u2019air et ferme les yeux.\"\/><\/figure>\n<\/div>\n\n\n<blockquote class=\"wp-block-quote has-text-align-center is-style-large is-layout-flow wp-block-quote-is-layout-flow\">\n<p>\u00ab\u00a0<em>Sabine est une femme bienveillante et douce.<br>Ses dons sont remarquables. Nos s\u00e9ances sont une source d apaisement, de compr\u00e9hension et de lumi\u00e8re.<\/em><br><em> J&rsquo;attends avec impatience la prochaine \ud83d\ude42<br>Mille mercis ma ch\u00e8re Sabine !<\/em>\u00a0\u00bb<\/p>\n<cite>\u2014<a href=\"https:\/\/www.google.com\/search?client=firefox-b-d&amp;sca_esv=577776499&amp;sxsrf=AM9HkKkiTTDfbxw-SEwm3o4Xnqm6PBmptw:1698662305962&amp;q=sabine+energeticien+bergerac&amp;sa=X&amp;ved=2ahUKEwiOityayp2CAxW4UqQEHd1FDEsQ7xYoAHoECA4QAQ&amp;biw=1536&amp;bih=676&amp;dpr=1.25\"> Laurence Eluard<\/a> oct. 2023 <\/cite><\/blockquote>\n\n\n\n<hr class=\"wp-block-separator has-css-opacity is-style-default\"\/>\n","protected":false},"excerpt":{"rendered":"<p>Vos t\u00e9moignages sur mes s\u00e9ances de voyance ou de soins \u00e9nerg\u00e9tiques sont essentiels ! \u00ab\u00a0Sabine est une femme bienveillante et douce.Ses dons sont remarquables. Nos s\u00e9ances sont une source d &hellip; <\/p>\n","protected":false},"author":1,"featured_media":1961,"parent":32,"menu_order":2,"comment_status":"closed","ping_status":"closed","template":"","meta":{"footnotes":""},"class_list":["post-1873","page","type-page","status-publish","has-post-thumbnail","hentry"],"yoast_head":"<!-- This site is optimized with the Yoast SEO plugin v27.5 - https:\/\/yoast.com\/product\/yoast-seo-wordpress\/ -->\n<title>T\u00e9moignages - Sabine \u00e9nerg\u00e9ticienne<\/title>\n<meta name=\"description\" content=\"Vous pouvez me laisser une appr\u00e9ciation, un t\u00e9moignage apr\u00e8s une s\u00e9ance de voyance ou de soins \u00e9nerg\u00e9tiques. Merci \u00e0 vous !\" \/>\n<meta name=\"robots\" content=\"index, follow, max-snippet:-1, max-image-preview:large, max-video-preview:-1\" \/>\n<link rel=\"canonical\" href=\"https:\/\/sixiemesens.net\/index.php\/mon-histoire\/temoignages\/\" \/>\n<meta property=\"og:locale\" content=\"fr_FR\" \/>\n<meta property=\"og:type\" content=\"article\" \/>\n<meta property=\"og:title\" content=\"T\u00e9moignages - Sabine \u00e9nerg\u00e9ticienne\" \/>\n<meta property=\"og:description\" content=\"Vous pouvez me laisser une appr\u00e9ciation, un t\u00e9moignage apr\u00e8s une s\u00e9ance de voyance ou de soins \u00e9nerg\u00e9tiques. Merci \u00e0 vous !\" \/>\n<meta property=\"og:url\" content=\"https:\/\/sixiemesens.net\/index.php\/mon-histoire\/temoignages\/\" \/>\n<meta property=\"og:site_name\" content=\"Sabine \u00e9nerg\u00e9ticienne\" \/>\n<meta property=\"article:modified_time\" content=\"2023-11-04T13:52:51+00:00\" \/>\n<meta property=\"og:image\" content=\"https:\/\/sixiemesens.net\/wp-content\/uploads\/2023\/11\/etoile-scaled.jpg\" \/>\n\t<meta property=\"og:image:width\" content=\"2560\" \/>\n\t<meta property=\"og:image:height\" content=\"1748\" \/>\n\t<meta property=\"og:image:type\" content=\"image\/jpeg\" \/>\n<meta name=\"twitter:card\" content=\"summary_large_image\" \/>\n<meta name=\"twitter:label1\" content=\"Dur\u00e9e de lecture estim\u00e9e\" \/>\n\t<meta name=\"twitter:data1\" content=\"1 minute\" \/>\n<script type=\"application\/ld+json\" class=\"yoast-schema-graph\">{\"@context\":\"https:\\\/\\\/schema.org\",\"@graph\":[{\"@type\":\"WebPage\",\"@id\":\"https:\\\/\\\/sixiemesens.net\\\/index.php\\\/mon-histoire\\\/temoignages\\\/\",\"url\":\"https:\\\/\\\/sixiemesens.net\\\/index.php\\\/mon-histoire\\\/temoignages\\\/\",\"name\":\"T\u00e9moignages - Sabine \u00e9nerg\u00e9ticienne\",\"isPartOf\":{\"@id\":\"https:\\\/\\\/sixiemesens.net\\\/#website\"},\"primaryImageOfPage\":{\"@id\":\"https:\\\/\\\/sixiemesens.net\\\/index.php\\\/mon-histoire\\\/temoignages\\\/#primaryimage\"},\"image\":{\"@id\":\"https:\\\/\\\/sixiemesens.net\\\/index.php\\\/mon-histoire\\\/temoignages\\\/#primaryimage\"},\"thumbnailUrl\":\"https:\\\/\\\/sixiemesens.net\\\/wp-content\\\/uploads\\\/2023\\\/11\\\/etoile-scaled.jpg\",\"datePublished\":\"2023-10-30T10:39:40+00:00\",\"dateModified\":\"2023-11-04T13:52:51+00:00\",\"description\":\"Vous pouvez me laisser une appr\u00e9ciation, un t\u00e9moignage apr\u00e8s une s\u00e9ance de voyance ou de soins \u00e9nerg\u00e9tiques. Merci \u00e0 vous !\",\"breadcrumb\":{\"@id\":\"https:\\\/\\\/sixiemesens.net\\\/index.php\\\/mon-histoire\\\/temoignages\\\/#breadcrumb\"},\"inLanguage\":\"fr-FR\",\"potentialAction\":[{\"@type\":\"ReadAction\",\"target\":[\"https:\\\/\\\/sixiemesens.net\\\/index.php\\\/mon-histoire\\\/temoignages\\\/\"]}]},{\"@type\":\"ImageObject\",\"inLanguage\":\"fr-FR\",\"@id\":\"https:\\\/\\\/sixiemesens.net\\\/index.php\\\/mon-histoire\\\/temoignages\\\/#primaryimage\",\"url\":\"https:\\\/\\\/sixiemesens.net\\\/wp-content\\\/uploads\\\/2023\\\/11\\\/etoile-scaled.jpg\",\"contentUrl\":\"https:\\\/\\\/sixiemesens.net\\\/wp-content\\\/uploads\\\/2023\\\/11\\\/etoile-scaled.jpg\",\"width\":2560,\"height\":1748,\"caption\":\"Faith of christian concept: Spiritual prayer hands over sun shine with blurred beautiful sunset background\"},{\"@type\":\"BreadcrumbList\",\"@id\":\"https:\\\/\\\/sixiemesens.net\\\/index.php\\\/mon-histoire\\\/temoignages\\\/#breadcrumb\",\"itemListElement\":[{\"@type\":\"ListItem\",\"position\":1,\"name\":\"Accueil\",\"item\":\"https:\\\/\\\/sixiemesens.net\\\/\"},{\"@type\":\"ListItem\",\"position\":2,\"name\":\"Mon histoire\",\"item\":\"https:\\\/\\\/sixiemesens.net\\\/index.php\\\/mon-histoire\\\/\"},{\"@type\":\"ListItem\",\"position\":3,\"name\":\"T\u00e9moignages\"}]},{\"@type\":\"WebSite\",\"@id\":\"https:\\\/\\\/sixiemesens.net\\\/#website\",\"url\":\"https:\\\/\\\/sixiemesens.net\\\/\",\"name\":\"Sabine \u00e9nerg\u00e9ticienne\",\"description\":\"\",\"publisher\":{\"@id\":\"https:\\\/\\\/sixiemesens.net\\\/#organization\"},\"potentialAction\":[{\"@type\":\"SearchAction\",\"target\":{\"@type\":\"EntryPoint\",\"urlTemplate\":\"https:\\\/\\\/sixiemesens.net\\\/?s={search_term_string}\"},\"query-input\":{\"@type\":\"PropertyValueSpecification\",\"valueRequired\":true,\"valueName\":\"search_term_string\"}}],\"inLanguage\":\"fr-FR\"},{\"@type\":\"Organization\",\"@id\":\"https:\\\/\\\/sixiemesens.net\\\/#organization\",\"name\":\"Sabine \u00e9nerg\u00e9ticienne\",\"url\":\"https:\\\/\\\/sixiemesens.net\\\/\",\"logo\":{\"@type\":\"ImageObject\",\"inLanguage\":\"fr-FR\",\"@id\":\"https:\\\/\\\/sixiemesens.net\\\/#\\\/schema\\\/logo\\\/image\\\/\",\"url\":\"https:\\\/\\\/sixiemesens.net\\\/wp-content\\\/uploads\\\/2023\\\/09\\\/sasa_energie.jpg\",\"contentUrl\":\"https:\\\/\\\/sixiemesens.net\\\/wp-content\\\/uploads\\\/2023\\\/09\\\/sasa_energie.jpg\",\"width\":180,\"height\":181,\"caption\":\"Sabine \u00e9nerg\u00e9ticienne\"},\"image\":{\"@id\":\"https:\\\/\\\/sixiemesens.net\\\/#\\\/schema\\\/logo\\\/image\\\/\"}}]}<\/script>\n<!-- \/ Yoast SEO plugin. -->","yoast_head_json":{"title":"T\u00e9moignages - Sabine \u00e9nerg\u00e9ticienne","description":"Vous pouvez me laisser une appr\u00e9ciation, un t\u00e9moignage apr\u00e8s une s\u00e9ance de voyance ou de soins \u00e9nerg\u00e9tiques. Merci \u00e0 vous !","robots":{"index":"index","follow":"follow","max-snippet":"max-snippet:-1","max-image-preview":"max-image-preview:large","max-video-preview":"max-video-preview:-1"},"canonical":"https:\/\/sixiemesens.net\/index.php\/mon-histoire\/temoignages\/","og_locale":"fr_FR","og_type":"article","og_title":"T\u00e9moignages - Sabine \u00e9nerg\u00e9ticienne","og_description":"Vous pouvez me laisser une appr\u00e9ciation, un t\u00e9moignage apr\u00e8s une s\u00e9ance de voyance ou de soins \u00e9nerg\u00e9tiques. Merci \u00e0 vous !","og_url":"https:\/\/sixiemesens.net\/index.php\/mon-histoire\/temoignages\/","og_site_name":"Sabine \u00e9nerg\u00e9ticienne","article_modified_time":"2023-11-04T13:52:51+00:00","og_image":[{"width":2560,"height":1748,"url":"https:\/\/sixiemesens.net\/wp-content\/uploads\/2023\/11\/etoile-scaled.jpg","type":"image\/jpeg"}],"twitter_card":"summary_large_image","twitter_misc":{"Dur\u00e9e de lecture estim\u00e9e":"1 minute"},"schema":{"@context":"https:\/\/schema.org","@graph":[{"@type":"WebPage","@id":"https:\/\/sixiemesens.net\/index.php\/mon-histoire\/temoignages\/","url":"https:\/\/sixiemesens.net\/index.php\/mon-histoire\/temoignages\/","name":"T\u00e9moignages - Sabine \u00e9nerg\u00e9ticienne","isPartOf":{"@id":"https:\/\/sixiemesens.net\/#website"},"primaryImageOfPage":{"@id":"https:\/\/sixiemesens.net\/index.php\/mon-histoire\/temoignages\/#primaryimage"},"image":{"@id":"https:\/\/sixiemesens.net\/index.php\/mon-histoire\/temoignages\/#primaryimage"},"thumbnailUrl":"https:\/\/sixiemesens.net\/wp-content\/uploads\/2023\/11\/etoile-scaled.jpg","datePublished":"2023-10-30T10:39:40+00:00","dateModified":"2023-11-04T13:52:51+00:00","description":"Vous pouvez me laisser une appr\u00e9ciation, un t\u00e9moignage apr\u00e8s une s\u00e9ance de voyance ou de soins \u00e9nerg\u00e9tiques. Merci \u00e0 vous !","breadcrumb":{"@id":"https:\/\/sixiemesens.net\/index.php\/mon-histoire\/temoignages\/#breadcrumb"},"inLanguage":"fr-FR","potentialAction":[{"@type":"ReadAction","target":["https:\/\/sixiemesens.net\/index.php\/mon-histoire\/temoignages\/"]}]},{"@type":"ImageObject","inLanguage":"fr-FR","@id":"https:\/\/sixiemesens.net\/index.php\/mon-histoire\/temoignages\/#primaryimage","url":"https:\/\/sixiemesens.net\/wp-content\/uploads\/2023\/11\/etoile-scaled.jpg","contentUrl":"https:\/\/sixiemesens.net\/wp-content\/uploads\/2023\/11\/etoile-scaled.jpg","width":2560,"height":1748,"caption":"Faith of christian concept: Spiritual prayer hands over sun shine with blurred beautiful sunset background"},{"@type":"BreadcrumbList","@id":"https:\/\/sixiemesens.net\/index.php\/mon-histoire\/temoignages\/#breadcrumb","itemListElement":[{"@type":"ListItem","position":1,"name":"Accueil","item":"https:\/\/sixiemesens.net\/"},{"@type":"ListItem","position":2,"name":"Mon histoire","item":"https:\/\/sixiemesens.net\/index.php\/mon-histoire\/"},{"@type":"ListItem","position":3,"name":"T\u00e9moignages"}]},{"@type":"WebSite","@id":"https:\/\/sixiemesens.net\/#website","url":"https:\/\/sixiemesens.net\/","name":"Sabine \u00e9nerg\u00e9ticienne","description":"","publisher":{"@id":"https:\/\/sixiemesens.net\/#organization"},"potentialAction":[{"@type":"SearchAction","target":{"@type":"EntryPoint","urlTemplate":"https:\/\/sixiemesens.net\/?s={search_term_string}"},"query-input":{"@type":"PropertyValueSpecification","valueRequired":true,"valueName":"search_term_string"}}],"inLanguage":"fr-FR"},{"@type":"Organization","@id":"https:\/\/sixiemesens.net\/#organization","name":"Sabine \u00e9nerg\u00e9ticienne","url":"https:\/\/sixiemesens.net\/","logo":{"@type":"ImageObject","inLanguage":"fr-FR","@id":"https:\/\/sixiemesens.net\/#\/schema\/logo\/image\/","url":"https:\/\/sixiemesens.net\/wp-content\/uploads\/2023\/09\/sasa_energie.jpg","contentUrl":"https:\/\/sixiemesens.net\/wp-content\/uploads\/2023\/09\/sasa_energie.jpg","width":180,"height":181,"caption":"Sabine \u00e9nerg\u00e9ticienne"},"image":{"@id":"https:\/\/sixiemesens.net\/#\/schema\/logo\/image\/"}}]}},"_links":{"self":[{"href":"https:\/\/sixiemesens.net\/index.php\/wp-json\/wp\/v2\/pages\/1873","targetHints":{"allow":["GET"]}}],"collection":[{"href":"https:\/\/sixiemesens.net\/index.php\/wp-json\/wp\/v2\/pages"}],"about":[{"href":"https:\/\/sixiemesens.net\/index.php\/wp-json\/wp\/v2\/types\/page"}],"author":[{"embeddable":true,"href":"https:\/\/sixiemesens.net\/index.php\/wp-json\/wp\/v2\/users\/1"}],"replies":[{"embeddable":true,"href":"https:\/\/sixiemesens.net\/index.php\/wp-json\/wp\/v2\/comments?post=1873"}],"version-history":[{"count":12,"href":"https:\/\/sixiemesens.net\/index.php\/wp-json\/wp\/v2\/pages\/1873\/revisions"}],"predecessor-version":[{"id":1929,"href":"https:\/\/sixiemesens.net\/index.php\/wp-json\/wp\/v2\/pages\/1873\/revisions\/1929"}],"up":[{"embeddable":true,"href":"https:\/\/sixiemesens.net\/index.php\/wp-json\/wp\/v2\/pages\/32"}],"wp:featuredmedia":[{"embeddable":true,"href":"https:\/\/sixiemesens.net\/index.php\/wp-json\/wp\/v2\/media\/1961"}],"wp:attachment":[{"href":"https:\/\/sixiemesens.net\/index.php\/wp-json\/wp\/v2\/media?parent=1873"}],"curies":[{"name":"wp","href":"https:\/\/api.w.org\/{rel}","templated":true}]}}