{"id":1572,"date":"2023-09-29T12:49:25","date_gmt":"2023-09-29T12:49:25","guid":{"rendered":"https:\/\/sixiemesens.net\/?page_id=1572"},"modified":"2023-11-04T14:52:22","modified_gmt":"2023-11-04T13:52:22","slug":"voyance","status":"publish","type":"page","link":"https:\/\/sixiemesens.net\/index.php\/voyance\/","title":{"rendered":"Voyance"},"content":{"rendered":"\n<blockquote class=\"wp-block-quote is-layout-flow wp-block-quote-is-layout-flow\">\n<p><\/p>\n<cite><span class=\"element-title-inner\">Qu&rsquo;est-ce que la voyance ?<\/span><\/cite><\/blockquote>\n\n\n\n<div class=\"wp-block-media-text is-stacked-on-mobile\"><figure class=\"wp-block-media-text__media\"><img loading=\"lazy\" decoding=\"async\" width=\"275\" height=\"183\" src=\"https:\/\/sixiemesens.net\/wp-content\/uploads\/2023\/07\/image-carte-1.jpg\" alt=\"cartes de tarots illustrant une s\u00e9ance de voyance\" class=\"wp-image-1370 size-full\"\/><\/figure><div class=\"wp-block-media-text__content\">\n<p><br><br> La voyance est, pour moi, le ressenti, la vision que j&rsquo;ai de votre aura.  Je ressens, je vois litt\u00e9ralement ce qu&rsquo;elle d\u00e9gage, ce qui l&rsquo;entoure.<br> Voyez-moi comme un pont, une arche entre le monde visible et    invisible. <a href=\"https:\/\/sixiemesens.net\/index.php\/a-propos\/\">Ce don de voyance, de m\u00e9dium m&rsquo;a \u00e9t\u00e9 transmis par mon p\u00e8re<\/a>, qui le tenait de sa grand-m\u00e8re. En tant que m\u00e9dium, je suis en mesure de percevoir des choses que la plupart des personnes ne voient pas. Cela peut prendre la forme de flashs visuels, mais aussi de sons, d&rsquo;odeurs, de paroles\u2026<\/p>\n<\/div><\/div>\n\n\n\n<blockquote class=\"wp-block-quote is-layout-flow wp-block-quote-is-layout-flow\">\n<p>La s\u00e9ance<\/p>\n<\/blockquote>\n\n\n\n<div class=\"wp-block-media-text is-stacked-on-mobile\"><figure class=\"wp-block-media-text__media\"><img loading=\"lazy\" decoding=\"async\" width=\"1024\" height=\"934\" src=\"https:\/\/sixiemesens.net\/wp-content\/uploads\/2023\/10\/IMG_1887-1024x934.jpeg\" alt=\"main tenant un pendule au-dessus de cartes de voyance illustrant une s\u00e9ance de voyance\" class=\"wp-image-1746 size-full\" srcset=\"https:\/\/sixiemesens.net\/wp-content\/uploads\/2023\/10\/IMG_1887-1024x934.jpeg 1024w, https:\/\/sixiemesens.net\/wp-content\/uploads\/2023\/10\/IMG_1887-300x274.jpeg 300w, https:\/\/sixiemesens.net\/wp-content\/uploads\/2023\/10\/IMG_1887-768x700.jpeg 768w, https:\/\/sixiemesens.net\/wp-content\/uploads\/2023\/10\/IMG_1887-66x60.jpeg 66w, https:\/\/sixiemesens.net\/wp-content\/uploads\/2023\/10\/IMG_1887.jpeg 1170w\" sizes=\"auto, (max-width: 1024px) 100vw, 1024px\" \/><\/figure><div class=\"wp-block-media-text__content\">\n<p><br><br>Une s\u00e9ance de voyance dure environ une heure. Vous pouvez me <strong>poser les questions qui  vous pr\u00e9occupent<\/strong> et je je les retranscris de mani\u00e8re \u00e0 vous apporter des r\u00e9ponses ou \u00e0 vous aiguiller et vous guider. <br>Je peux ensuite vous livrer une analyse de mon ressenti et \u00e9ventuellement vous apporter des explications sur ce que j&rsquo;ai vu\/senti et sur ce que cela signifie.<\/p>\n<\/div><\/div>\n\n\n\n<blockquote class=\"wp-block-quote is-layout-flow wp-block-quote-is-layout-flow\">\n<p>Les supports<\/p>\n<\/blockquote>\n\n\n\n<div class=\"wp-block-media-text is-stacked-on-mobile\"><figure class=\"wp-block-media-text__media\"><img loading=\"lazy\" decoding=\"async\" width=\"911\" height=\"1024\" src=\"https:\/\/sixiemesens.net\/wp-content\/uploads\/2023\/10\/IMG_1896-911x1024.jpeg\" alt=\"cartes de voyance avec bouddha et bougie illustrant une s\u00e9ance de voyance\" class=\"wp-image-1748 size-full\" srcset=\"https:\/\/sixiemesens.net\/wp-content\/uploads\/2023\/10\/IMG_1896-911x1024.jpeg 911w, https:\/\/sixiemesens.net\/wp-content\/uploads\/2023\/10\/IMG_1896-267x300.jpeg 267w, https:\/\/sixiemesens.net\/wp-content\/uploads\/2023\/10\/IMG_1896-768x863.jpeg 768w, https:\/\/sixiemesens.net\/wp-content\/uploads\/2023\/10\/IMG_1896-53x60.jpeg 53w, https:\/\/sixiemesens.net\/wp-content\/uploads\/2023\/10\/IMG_1896.jpeg 1111w\" sizes=\"auto, (max-width: 911px) 100vw, 911px\" \/><\/figure><div class=\"wp-block-media-text__content\">\n<p>J&rsquo;utilise les cartes et\/ou la num\u00e9rologie \u00e0 votre convenance. Parfois, en compl\u00e9ment, je peux utiliser un tirage de cartes, mon pendule ou certains num\u00e9ros.<br>Les s\u00e9ances se font <strong>en face \u00e0 face ou \u00e0 distance<\/strong>. Une s\u00e9ance peut r\u00e9pondre \u00e0 des questions pr\u00e9cises, \u00e9clairer une situation, faire le point sur un domaine de vie (amour, travail, sant\u00e9, etc..)<\/p>\n<\/div><\/div>\n\n\n\n<p><\/p>\n\n\n\n<div class=\"wp-block-buttons is-content-justification-center is-layout-flex wp-container-core-buttons-is-layout-16018d1d wp-block-buttons-is-layout-flex\">\n<div class=\"wp-block-button is-style-outline is-style-outline--1\"><a class=\"wp-block-button__link wp-element-button\" href=\"https:\/\/sixiemesens.net\/index.php\/services\/\">Voir mes tarifs pour chaque s\u00e9ance<\/a><\/div>\n<\/div>\n","protected":false},"excerpt":{"rendered":"<p>Qu&rsquo;est-ce que la voyance ? La voyance est, pour moi, le ressenti, la vision que j&rsquo;ai de votre aura. Je ressens, je vois litt\u00e9ralement ce qu&rsquo;elle d\u00e9gage, ce qui l&rsquo;entoure. &hellip; <\/p>\n","protected":false},"author":1,"featured_media":1961,"parent":0,"menu_order":0,"comment_status":"closed","ping_status":"closed","template":"","meta":{"footnotes":""},"class_list":["post-1572","page","type-page","status-publish","has-post-thumbnail","hentry"],"yoast_head":"<!-- This site is optimized with the Yoast SEO plugin v27.5 - https:\/\/yoast.com\/product\/yoast-seo-wordpress\/ -->\n<title>Voyance - Sabine \u00e9nerg\u00e9ticienne<\/title>\n<meta name=\"description\" content=\"Sabine propose des s\u00e9ances de voyance sur les questions qui vous pr\u00e9occupent. Je peux vous apporter des r\u00e9ponses et vous guider.\" \/>\n<meta name=\"robots\" content=\"index, follow, max-snippet:-1, max-image-preview:large, max-video-preview:-1\" \/>\n<link rel=\"canonical\" href=\"https:\/\/sixiemesens.net\/index.php\/voyance\/\" \/>\n<meta property=\"og:locale\" content=\"fr_FR\" \/>\n<meta property=\"og:type\" content=\"article\" \/>\n<meta property=\"og:title\" content=\"Voyance - Sabine \u00e9nerg\u00e9ticienne\" \/>\n<meta property=\"og:description\" content=\"Sabine propose des s\u00e9ances de voyance sur les questions qui vous pr\u00e9occupent. Je peux vous apporter des r\u00e9ponses et vous guider.\" \/>\n<meta property=\"og:url\" content=\"https:\/\/sixiemesens.net\/index.php\/voyance\/\" \/>\n<meta property=\"og:site_name\" content=\"Sabine \u00e9nerg\u00e9ticienne\" \/>\n<meta property=\"article:modified_time\" content=\"2023-11-04T13:52:22+00:00\" \/>\n<meta property=\"og:image\" content=\"https:\/\/sixiemesens.net\/wp-content\/uploads\/2023\/11\/etoile-scaled.jpg\" \/>\n\t<meta property=\"og:image:width\" content=\"2560\" \/>\n\t<meta property=\"og:image:height\" content=\"1748\" \/>\n\t<meta property=\"og:image:type\" content=\"image\/jpeg\" \/>\n<meta name=\"twitter:card\" content=\"summary_large_image\" \/>\n<meta name=\"twitter:label1\" content=\"Dur\u00e9e de lecture estim\u00e9e\" \/>\n\t<meta name=\"twitter:data1\" content=\"2 minutes\" \/>\n<script type=\"application\/ld+json\" class=\"yoast-schema-graph\">{\"@context\":\"https:\\\/\\\/schema.org\",\"@graph\":[{\"@type\":\"WebPage\",\"@id\":\"https:\\\/\\\/sixiemesens.net\\\/index.php\\\/voyance\\\/\",\"url\":\"https:\\\/\\\/sixiemesens.net\\\/index.php\\\/voyance\\\/\",\"name\":\"Voyance - Sabine \u00e9nerg\u00e9ticienne\",\"isPartOf\":{\"@id\":\"https:\\\/\\\/sixiemesens.net\\\/#website\"},\"primaryImageOfPage\":{\"@id\":\"https:\\\/\\\/sixiemesens.net\\\/index.php\\\/voyance\\\/#primaryimage\"},\"image\":{\"@id\":\"https:\\\/\\\/sixiemesens.net\\\/index.php\\\/voyance\\\/#primaryimage\"},\"thumbnailUrl\":\"https:\\\/\\\/sixiemesens.net\\\/wp-content\\\/uploads\\\/2023\\\/11\\\/etoile-scaled.jpg\",\"datePublished\":\"2023-09-29T12:49:25+00:00\",\"dateModified\":\"2023-11-04T13:52:22+00:00\",\"description\":\"Sabine propose des s\u00e9ances de voyance sur les questions qui vous pr\u00e9occupent. Je peux vous apporter des r\u00e9ponses et vous guider.\",\"breadcrumb\":{\"@id\":\"https:\\\/\\\/sixiemesens.net\\\/index.php\\\/voyance\\\/#breadcrumb\"},\"inLanguage\":\"fr-FR\",\"potentialAction\":[{\"@type\":\"ReadAction\",\"target\":[\"https:\\\/\\\/sixiemesens.net\\\/index.php\\\/voyance\\\/\"]}]},{\"@type\":\"ImageObject\",\"inLanguage\":\"fr-FR\",\"@id\":\"https:\\\/\\\/sixiemesens.net\\\/index.php\\\/voyance\\\/#primaryimage\",\"url\":\"https:\\\/\\\/sixiemesens.net\\\/wp-content\\\/uploads\\\/2023\\\/11\\\/etoile-scaled.jpg\",\"contentUrl\":\"https:\\\/\\\/sixiemesens.net\\\/wp-content\\\/uploads\\\/2023\\\/11\\\/etoile-scaled.jpg\",\"width\":2560,\"height\":1748,\"caption\":\"Faith of christian concept: Spiritual prayer hands over sun shine with blurred beautiful sunset background\"},{\"@type\":\"BreadcrumbList\",\"@id\":\"https:\\\/\\\/sixiemesens.net\\\/index.php\\\/voyance\\\/#breadcrumb\",\"itemListElement\":[{\"@type\":\"ListItem\",\"position\":1,\"name\":\"Accueil\",\"item\":\"https:\\\/\\\/sixiemesens.net\\\/\"},{\"@type\":\"ListItem\",\"position\":2,\"name\":\"Voyance\"}]},{\"@type\":\"WebSite\",\"@id\":\"https:\\\/\\\/sixiemesens.net\\\/#website\",\"url\":\"https:\\\/\\\/sixiemesens.net\\\/\",\"name\":\"Sabine \u00e9nerg\u00e9ticienne\",\"description\":\"\",\"publisher\":{\"@id\":\"https:\\\/\\\/sixiemesens.net\\\/#organization\"},\"potentialAction\":[{\"@type\":\"SearchAction\",\"target\":{\"@type\":\"EntryPoint\",\"urlTemplate\":\"https:\\\/\\\/sixiemesens.net\\\/?s={search_term_string}\"},\"query-input\":{\"@type\":\"PropertyValueSpecification\",\"valueRequired\":true,\"valueName\":\"search_term_string\"}}],\"inLanguage\":\"fr-FR\"},{\"@type\":\"Organization\",\"@id\":\"https:\\\/\\\/sixiemesens.net\\\/#organization\",\"name\":\"Sabine \u00e9nerg\u00e9ticienne\",\"url\":\"https:\\\/\\\/sixiemesens.net\\\/\",\"logo\":{\"@type\":\"ImageObject\",\"inLanguage\":\"fr-FR\",\"@id\":\"https:\\\/\\\/sixiemesens.net\\\/#\\\/schema\\\/logo\\\/image\\\/\",\"url\":\"https:\\\/\\\/sixiemesens.net\\\/wp-content\\\/uploads\\\/2023\\\/09\\\/sasa_energie.jpg\",\"contentUrl\":\"https:\\\/\\\/sixiemesens.net\\\/wp-content\\\/uploads\\\/2023\\\/09\\\/sasa_energie.jpg\",\"width\":180,\"height\":181,\"caption\":\"Sabine \u00e9nerg\u00e9ticienne\"},\"image\":{\"@id\":\"https:\\\/\\\/sixiemesens.net\\\/#\\\/schema\\\/logo\\\/image\\\/\"}}]}<\/script>\n<!-- \/ Yoast SEO plugin. -->","yoast_head_json":{"title":"Voyance - Sabine \u00e9nerg\u00e9ticienne","description":"Sabine propose des s\u00e9ances de voyance sur les questions qui vous pr\u00e9occupent. Je peux vous apporter des r\u00e9ponses et vous guider.","robots":{"index":"index","follow":"follow","max-snippet":"max-snippet:-1","max-image-preview":"max-image-preview:large","max-video-preview":"max-video-preview:-1"},"canonical":"https:\/\/sixiemesens.net\/index.php\/voyance\/","og_locale":"fr_FR","og_type":"article","og_title":"Voyance - Sabine \u00e9nerg\u00e9ticienne","og_description":"Sabine propose des s\u00e9ances de voyance sur les questions qui vous pr\u00e9occupent. Je peux vous apporter des r\u00e9ponses et vous guider.","og_url":"https:\/\/sixiemesens.net\/index.php\/voyance\/","og_site_name":"Sabine \u00e9nerg\u00e9ticienne","article_modified_time":"2023-11-04T13:52:22+00:00","og_image":[{"width":2560,"height":1748,"url":"https:\/\/sixiemesens.net\/wp-content\/uploads\/2023\/11\/etoile-scaled.jpg","type":"image\/jpeg"}],"twitter_card":"summary_large_image","twitter_misc":{"Dur\u00e9e de lecture estim\u00e9e":"2 minutes"},"schema":{"@context":"https:\/\/schema.org","@graph":[{"@type":"WebPage","@id":"https:\/\/sixiemesens.net\/index.php\/voyance\/","url":"https:\/\/sixiemesens.net\/index.php\/voyance\/","name":"Voyance - Sabine \u00e9nerg\u00e9ticienne","isPartOf":{"@id":"https:\/\/sixiemesens.net\/#website"},"primaryImageOfPage":{"@id":"https:\/\/sixiemesens.net\/index.php\/voyance\/#primaryimage"},"image":{"@id":"https:\/\/sixiemesens.net\/index.php\/voyance\/#primaryimage"},"thumbnailUrl":"https:\/\/sixiemesens.net\/wp-content\/uploads\/2023\/11\/etoile-scaled.jpg","datePublished":"2023-09-29T12:49:25+00:00","dateModified":"2023-11-04T13:52:22+00:00","description":"Sabine propose des s\u00e9ances de voyance sur les questions qui vous pr\u00e9occupent. Je peux vous apporter des r\u00e9ponses et vous guider.","breadcrumb":{"@id":"https:\/\/sixiemesens.net\/index.php\/voyance\/#breadcrumb"},"inLanguage":"fr-FR","potentialAction":[{"@type":"ReadAction","target":["https:\/\/sixiemesens.net\/index.php\/voyance\/"]}]},{"@type":"ImageObject","inLanguage":"fr-FR","@id":"https:\/\/sixiemesens.net\/index.php\/voyance\/#primaryimage","url":"https:\/\/sixiemesens.net\/wp-content\/uploads\/2023\/11\/etoile-scaled.jpg","contentUrl":"https:\/\/sixiemesens.net\/wp-content\/uploads\/2023\/11\/etoile-scaled.jpg","width":2560,"height":1748,"caption":"Faith of christian concept: Spiritual prayer hands over sun shine with blurred beautiful sunset background"},{"@type":"BreadcrumbList","@id":"https:\/\/sixiemesens.net\/index.php\/voyance\/#breadcrumb","itemListElement":[{"@type":"ListItem","position":1,"name":"Accueil","item":"https:\/\/sixiemesens.net\/"},{"@type":"ListItem","position":2,"name":"Voyance"}]},{"@type":"WebSite","@id":"https:\/\/sixiemesens.net\/#website","url":"https:\/\/sixiemesens.net\/","name":"Sabine \u00e9nerg\u00e9ticienne","description":"","publisher":{"@id":"https:\/\/sixiemesens.net\/#organization"},"potentialAction":[{"@type":"SearchAction","target":{"@type":"EntryPoint","urlTemplate":"https:\/\/sixiemesens.net\/?s={search_term_string}"},"query-input":{"@type":"PropertyValueSpecification","valueRequired":true,"valueName":"search_term_string"}}],"inLanguage":"fr-FR"},{"@type":"Organization","@id":"https:\/\/sixiemesens.net\/#organization","name":"Sabine \u00e9nerg\u00e9ticienne","url":"https:\/\/sixiemesens.net\/","logo":{"@type":"ImageObject","inLanguage":"fr-FR","@id":"https:\/\/sixiemesens.net\/#\/schema\/logo\/image\/","url":"https:\/\/sixiemesens.net\/wp-content\/uploads\/2023\/09\/sasa_energie.jpg","contentUrl":"https:\/\/sixiemesens.net\/wp-content\/uploads\/2023\/09\/sasa_energie.jpg","width":180,"height":181,"caption":"Sabine \u00e9nerg\u00e9ticienne"},"image":{"@id":"https:\/\/sixiemesens.net\/#\/schema\/logo\/image\/"}}]}},"_links":{"self":[{"href":"https:\/\/sixiemesens.net\/index.php\/wp-json\/wp\/v2\/pages\/1572","targetHints":{"allow":["GET"]}}],"collection":[{"href":"https:\/\/sixiemesens.net\/index.php\/wp-json\/wp\/v2\/pages"}],"about":[{"href":"https:\/\/sixiemesens.net\/index.php\/wp-json\/wp\/v2\/types\/page"}],"author":[{"embeddable":true,"href":"https:\/\/sixiemesens.net\/index.php\/wp-json\/wp\/v2\/users\/1"}],"replies":[{"embeddable":true,"href":"https:\/\/sixiemesens.net\/index.php\/wp-json\/wp\/v2\/comments?post=1572"}],"version-history":[{"count":34,"href":"https:\/\/sixiemesens.net\/index.php\/wp-json\/wp\/v2\/pages\/1572\/revisions"}],"predecessor-version":[{"id":1950,"href":"https:\/\/sixiemesens.net\/index.php\/wp-json\/wp\/v2\/pages\/1572\/revisions\/1950"}],"wp:featuredmedia":[{"embeddable":true,"href":"https:\/\/sixiemesens.net\/index.php\/wp-json\/wp\/v2\/media\/1961"}],"wp:attachment":[{"href":"https:\/\/sixiemesens.net\/index.php\/wp-json\/wp\/v2\/media?parent=1572"}],"curies":[{"name":"wp","href":"https:\/\/api.w.org\/{rel}","templated":true}]}}